{"id":9565,"date":"2025-05-02T13:35:31","date_gmt":"2025-05-02T13:35:31","guid":{"rendered":"http:\/\/localhost\/rene-live\/?page_id=9565"},"modified":"2025-11-11T05:18:09","modified_gmt":"2025-11-11T05:18:09","slug":"warranty","status":"publish","type":"page","link":"https:\/\/renemouris.fr\/en\/warranty\/","title":{"rendered":"Warranty"},"content":{"rendered":"\t\t<div data-elementor-type=\"wp-page\" data-elementor-id=\"9565\" class=\"elementor elementor-9565\">\n\t\t\t\t<div class=\"elementor-element elementor-element-45afeb9 e-con-full qodef-elementor-content-grid e-flex e-con e-parent\" data-id=\"45afeb9\" data-element_type=\"container\" data-e-type=\"container\">\n\t\t<div class=\"elementor-element elementor-element-4b899bc e-con-full e-flex e-con e-child\" data-id=\"4b899bc\" data-element_type=\"container\" data-e-type=\"container\">\n\t\t\t\t<div class=\"elementor-element elementor-element-62ac2ed elementor-widget elementor-widget-wp-widget-custom_html\" data-id=\"62ac2ed\" data-element_type=\"widget\" data-e-type=\"widget\" data-widget_type=\"wp-widget-custom_html.default\">\n\t\t\t\t<div class=\"elementor-widget-container\">\n\t\t\t\t\t<div class=\"textwidget custom-html-widget\"><h6>Need some help or want to chat<\/h6>\r\n<p style=\"margin-bottom: 18px;margin-top: -10px\"><\/p>\r\n<p style=\"margin-bottom: 15px\"><a href=\"mailto:info@renemouris.fr\" target=\"_blank\" rel=\"noopener\">info@renemouris.fr <\/a><\/p>\r\n<p><a href=\"tel:33175004002\" target=\"_blank\" rel=\"noopener\">+33 (1) 75 00 40 02<\/a><\/p><\/div>\t\t\t\t<\/div>\n\t\t\t\t<\/div>\n\t\t\t\t<div class=\"elementor-element elementor-element-b279273 elementor-widget elementor-widget-sidebar\" data-id=\"b279273\" data-element_type=\"widget\" data-e-type=\"widget\" data-widget_type=\"sidebar.default\">\n\t\t\t\t<div class=\"elementor-widget-container\">\n\t\t\t\t\t<div class=\"widget widget_precisionandcraft_core_title_widget\" data-area=\"privacy-policy\">\t\t\t\t\t\t\t<h6 class=\"qodef-widget-title\" >\n\t\t\t\tABOUT\t\t\t\t<\/h6>\n\t\t\t\t\t\t<\/div><div class=\"widget widget_nav_menu\" data-area=\"privacy-policy\"><div class=\"menu-privacy-policy-container\"><ul id=\"menu-privacy-policy\" class=\"menu\"><li id=\"menu-item-108833\" class=\"menu-item menu-item-type-post_type menu-item-object-page menu-item-108833\"><a href=\"https:\/\/renemouris.fr\/en\/frequently-asked-questions\/\"><span class=\"qodef-menu-item-text-inner\">Frequently Asked Questions<\/span><\/a><\/li>\n<li id=\"menu-item-108836\" class=\"menu-item menu-item-type-post_type menu-item-object-page menu-item-108836\"><a href=\"https:\/\/renemouris.fr\/en\/term-of-use\/\"><span class=\"qodef-menu-item-text-inner\">Term of use<\/span><\/a><\/li>\n<li id=\"menu-item-108837\" class=\"menu-item menu-item-type-post_type menu-item-object-page menu-item-108837\"><a href=\"https:\/\/renemouris.fr\/en\/privacy-policy\/\"><span class=\"qodef-menu-item-text-inner\">Privacy Policy<\/span><\/a><\/li>\n<li id=\"menu-item-108834\" class=\"menu-item menu-item-type-post_type menu-item-object-page menu-item-108834\"><a href=\"https:\/\/renemouris.fr\/en\/return-exchange-policy\/\"><span class=\"qodef-menu-item-text-inner\">Returns &amp; Exchange<\/span><\/a><\/li>\n<li id=\"menu-item-108835\" class=\"menu-item menu-item-type-post_type menu-item-object-page menu-item-108835\"><a href=\"https:\/\/renemouris.fr\/en\/reward-policy\/\"><span class=\"qodef-menu-item-text-inner\">Reward Policy<\/span><\/a><\/li>\n<li id=\"menu-item-108839\" class=\"menu-item menu-item-type-post_type menu-item-object-page menu-item-108839\"><a href=\"https:\/\/renemouris.fr\/en\/warranty\/\"><span class=\"qodef-menu-item-text-inner\">Warranty<\/span><\/a><\/li>\n<\/ul><\/div><\/div>\t\t\t\t<\/div>\n\t\t\t\t<\/div>\n\t\t\t\t<\/div>\n\t\t<div class=\"elementor-element elementor-element-d63cf00 e-flex e-con-boxed e-con e-child\" data-id=\"d63cf00\" data-element_type=\"container\" data-e-type=\"container\">\n\t\t\t\t\t<div class=\"e-con-inner\">\n\t\t\t\t<div class=\"elementor-element elementor-element-f70aa72 elementor-widget elementor-widget-precisionandcraft_core_section_title\" data-id=\"f70aa72\" data-element_type=\"widget\" data-e-type=\"widget\" data-widget_type=\"precisionandcraft_core_section_title.default\">\n\t\t\t\t<div class=\"elementor-widget-container\">\n\t\t\t\t\t<div class=\"qodef-shortcode qodef-m  qodef-section-title qodef-alignment--left \">\n\t\t<h2 class=\"qodef-m-title\" >\n\t\t\t\t\tWarranty\t\t\t<\/h2>\n\t\t<\/div>\n\t\t\t\t<\/div>\n\t\t\t\t<\/div>\n\t\t\t\t<div class=\"elementor-element elementor-element-f77c63a elementor-widget elementor-widget-text-editor\" data-id=\"f77c63a\" data-element_type=\"widget\" data-e-type=\"widget\" data-widget_type=\"text-editor.default\">\n\t\t\t\t<div class=\"elementor-widget-container\">\n\t\t\t\t\t\t\t\t\t<p>Our REN\u00c9 MOURIS product is warranted by REN\u00c9 MOURIS LA MAISON DE LUXE SAS. for two (2) years from the date of purchase under the terms and conditions of this warranty (the \u201cInternational Warranty\u201d). The International Warranty covers material and manufacturing defects including the watch\u2019s movement, hands, and dial (\u201cDefects\u201d). Any defective product or parts will be free of charge for repair or replacement in REN\u00c9 MOURIS sole discretion if it proves to be defective in material or workmanship under normal use. Upon expiration of the Limited Warranty period, any repairs or replacement will be subjected to a service charge.<\/p><p>The International Warranty: is independent of any warranty that may be provided by the seller, for which he carries sole responsibility; does not affect the purchaser\u2019s rights against the seller nor any other mandatory statutory rights the purchaser may have against the seller. REN\u00c9 MOURIS\u2019 customer service ensures the perfect maintenance of REN\u00c9 MOURIS products. If the product needs attention, rely on an official REN\u00c9 MOURIS dealer or an authorized REN\u00c9 MOURIS Service Centre: they can guarantee service according to REN\u00c9 MOURIS\u2019s standards.<\/p><p>The International Warranty does not cover: the case, strap, bracelet, crystal, crown, and the life of the battery, normal wear, and tear, and aging (e.g. scratched crystal; alteration of the color and\/or material of non-metallic straps and chains, such as leather, textile, rubber; peeling of the plating); any damage on any part of the product resulting from abnormal\/abusive use, lack of care, negligence, accidents (knocks, dents, crushing, broken crystal, etc.), incorrect use of the product and non-observance of the use directions provided by REN\u00c9 MOURIS; indirect or consequential damages of any kind resulting from e.g. the use, the non-functioning, the defects or the inaccuracy of the REN\u00c9 MOURIS product; the REN\u00c9 MOURIS product handled by non-authorized persons or disqualified 3rd party repaired center (e.g. for battery replacement, services or repairs) or which has been altered in its original condition beyond REN\u00c9 MOURIS\u2019s control. Any further claim against REN\u00c9 MOURIS e.g. for damages additional to the above-described warranty is expressly excluded, except mandatory statutory rights the purchaser may have against the REN\u00c9 MOURIS.<\/p><p>The International Warranty only comes into force if the warranty certificate is dated of purchase, fully and correctly completed and stamped by an authorized REN\u00c9 MOURIS dealer, accompanied with the original sales receipt or the printed online order confirmation from REN\u00c9 MOURIS official website (www.renemouris.fr) or an invoice from authorized 3rd parties online store. (\u201cValid Warranty Certificate\u201d).<\/p><p>Customers are required to register the product warranty via the Warranty Registration page by completing the form and submitting a Valid Warranty Certificate on our website. We will issue a warranty number once the submitted documentation has been reviewed. Please make sure the information you provide is valid.<\/p><p>To have replacement\/repair covered under this warranty performed, please email us at info@renemouris.fr and provide your Warranty number which can be granted after you successfully register your product on the warranty registration page. You need to register your product warranty before submitting your claim and in this message, you need to specify your name, Warranty number, and a detailed description of the issue and photos of the product to illustrate the descript issue. Customers may visit Return and Exchange Policy regarding the instruction of how to return to us or contact the REN\u00c9 MOURIS customer service center via email at info@renemouris.fr for further clarification. Please note that the customer is responsible for the cost of sending the product back to REN\u00c9 MOURIS. If we cannot find any defects described above, the product will be sent back to the customer.<\/p><p>In the following cases, please note that repair\/replacements will be charged even during the warranty term.<\/p><p>\u00b7 Failure or damage caused by improper use or carelessness (knocks, dents, crushing, broken crystal, etc.)<\/p><p>\u00b7 Failure or damage caused by unjustifiable repair or modification<\/p><p>\u00b7 Failure or damage caused by fire or water, or a natural disaster such as an earthquake<\/p><p>\u00b7 Esthetical changes that occur during normal wear and tear and aging (minor scratches, etc.; on the case and\/or crystal, alteration of the color on the wristband and the peeling of the plating)<\/p><p>\u00b7 In event of the retail store and the purchase date is not indicated on the warranty, or if this information has been rewritten<\/p><p>\u00b7 repair\/replacements the case, battery, strap, bracelet, crystal, and crown or other parts that not covered by the International Warranty<\/p><p>Please note that we only stock spare parts for products that are in the current collection. We do not provide parts for models any longer sold. The movement, hands, dial, case, strap, bracelet, crystal, crown, or other parts thereof may be replaced with substitutes if the originals are not available.<\/p><p>This warranty warrants that you can receive free repair or replacement under the terms set forth herein and within the specified term, and shall not restrict any lawful right of the Customer.<\/p><h5>REPLACING THE BATTERY<\/h5><p>Once the battery has been drained, we recommend that you contact an approved authorized REN\u00c9 MOURIS retailer or any other qualified 3rd party repair center, as they are equipped with the tools and apparatus required to carry out the work and the necessary checks in a professional manner. A worn-out battery should be replaced immediately to reduce the risk of leakage and consequent damage to the movement.<\/p><h5>PRECAUTIONS AND PREVENTIVE MEASURES<\/h5><h5>TEMPERATURE<\/h5><p>Do not expose the product to sudden temperature changes (exposure to sunlight followed by immersion in cold water) or extreme temperatures [over 60\u00b0C (140\u00b0F) or below 0\u00b0C (32\u00b0F)].<\/p><h5>MAGNETIC FIELDS<\/h5><p>Do not expose the product to intense magnetic fields such as loud-speakers, portable telephones, computers or refrigerators, and other electromagnetic appliances.<\/p><h5>SHOCKS<\/h5><p>Avoid thermal or other shocks as they may harm your product. In the event of a violent shock please have your product checked by an authorized REN\u00c9 MOURIS retailer or check with REN\u00c9 MOURIS customer service by filling out the Contact form on our website.<\/p><h5>HARMFUL PRODUCTS<\/h5><p>Avoid direct contact with solvents, detergents, perfumes, cosmetic products, etc., since they may damage the bracelet, the case, or the gaskets.<\/p><h5>CARE AND MAINTENANCE<\/h5><p>Ren\u00e9 Mouris timepieces are water-resistant from 30 to 100 meters, as indicated on the case-back. This water resistance is guaranteed only when the crown is firmly pushed in or screwed in properly.<\/p><p>It is recommended not to use the functions and settings of your watch when it is wet and DO NOT use the functions and settings while is immersed in water.<\/p><p>Clean the case and bracelet regularly using a soft cloth to prevent any corrosion caused by perspiration. All water-resistant products can be cleaned with a toothbrush and soapy water, and then dried with a soft cloth. After being worn in the sea, the product must be rinsed with warm fresh water and then dried completely.<\/p><p>A well-sealed watch will transmit your body warmth to the air inside your watch, therefore if suddenly plunged into cold water, the sudden cooling on the outside of the watch can cause condensation, usually in the form of a mist of small droplets under the glass. This will normally evaporate after some time of wearing.<\/p><p>REN\u00c9 MOURIS quartz or quartz chronographs are having the incomparable precision of quartz. Their power reserve is usually more than 2 years in continuous use. If you plan not to wear your quartz or quartz chronograph for several weeks or months, we would advise you to store it with the crown pulled out to the position that cuts the electrical power supply to the motor, thereby extending battery life considerably.<\/p><h5>COLLECTION AND TREATMENT OF END OF LIFE QUARTZ WATCHES*<\/h5><p>This symbol indicates that this product should not be disposed of with household waste. It has to be returned to a local authorized collection system. By following this procedure you will contribute to the protection of the environment and human health. The recycling of the materials will help to conserve natural resources.<\/p>\t\t\t\t\t\t\t\t<\/div>\n\t\t\t\t<\/div>\n\t\t\t\t\t<\/div>\n\t\t\t\t<\/div>\n\t\t\t\t<\/div>\n\t\t\t\t<\/div>\n\t\t","protected":false},"excerpt":{"rendered":"<p>Warranty Our REN\u00c9 MOURIS product is warranted by REN\u00c9 MOURIS LA MAISON DE LUXE SAS. for two (2) years from the date of purchase under the terms and conditions of this warranty (the \u201cInternational Warranty\u201d). The International Warranty covers material and manufacturing defects including the watch\u2019s movement, hands, and dial (\u201cDefects\u201d). Any defective product or [&hellip;]<\/p>\n","protected":false},"author":2,"featured_media":0,"parent":0,"menu_order":0,"comment_status":"closed","ping_status":"closed","template":"","meta":{"footnotes":""},"class_list":["post-9565","page","type-page","status-publish","hentry"],"yoast_head":"<!-- This site is optimized with the Yoast SEO plugin v27.3 - https:\/\/yoast.com\/product\/yoast-seo-wordpress\/ -->\n<title>Warranty - Rene Mouris<\/title>\n<meta name=\"robots\" content=\"index, follow, max-snippet:-1, max-image-preview:large, max-video-preview:-1\" \/>\n<link rel=\"canonical\" href=\"https:\/\/renemouris.fr\/en\/warranty\/\" \/>\n<meta property=\"og:locale\" content=\"en_US\" \/>\n<meta property=\"og:type\" content=\"article\" \/>\n<meta property=\"og:title\" content=\"Warranty - Rene Mouris\" \/>\n<meta property=\"og:description\" content=\"Warranty Our REN\u00c9 MOURIS product is warranted by REN\u00c9 MOURIS LA MAISON DE LUXE SAS. for two (2) years from the date of purchase under the terms and conditions of this warranty (the \u201cInternational Warranty\u201d). The International Warranty covers material and manufacturing defects including the watch\u2019s movement, hands, and dial (\u201cDefects\u201d). Any defective product or [&hellip;]\" \/>\n<meta property=\"og:url\" content=\"https:\/\/renemouris.fr\/en\/warranty\/\" \/>\n<meta property=\"og:site_name\" content=\"Rene Mouris\" \/>\n<meta property=\"article:publisher\" content=\"https:\/\/www.facebook.com\/renemouris.official\" \/>\n<meta property=\"article:modified_time\" content=\"2025-11-11T05:18:09+00:00\" \/>\n<meta name=\"twitter:card\" content=\"summary_large_image\" \/>\n<meta name=\"twitter:site\" content=\"@renemouris\" \/>\n<meta name=\"twitter:label1\" content=\"Est. reading time\" \/>\n\t<meta name=\"twitter:data1\" content=\"6 minutes\" \/>\n<script type=\"application\/ld+json\" class=\"yoast-schema-graph\">{\"@context\":\"https:\\\/\\\/schema.org\",\"@graph\":[{\"@type\":\"WebPage\",\"@id\":\"https:\\\/\\\/renemouris.fr\\\/en\\\/warranty\\\/\",\"url\":\"https:\\\/\\\/renemouris.fr\\\/en\\\/warranty\\\/\",\"name\":\"Warranty - Rene Mouris\",\"isPartOf\":{\"@id\":\"https:\\\/\\\/renemouris.fr\\\/#website\"},\"datePublished\":\"2025-05-02T13:35:31+00:00\",\"dateModified\":\"2025-11-11T05:18:09+00:00\",\"breadcrumb\":{\"@id\":\"https:\\\/\\\/renemouris.fr\\\/en\\\/warranty\\\/#breadcrumb\"},\"inLanguage\":\"en-US\",\"potentialAction\":[{\"@type\":\"ReadAction\",\"target\":[\"https:\\\/\\\/renemouris.fr\\\/en\\\/warranty\\\/\"]}]},{\"@type\":\"BreadcrumbList\",\"@id\":\"https:\\\/\\\/renemouris.fr\\\/en\\\/warranty\\\/#breadcrumb\",\"itemListElement\":[{\"@type\":\"ListItem\",\"position\":1,\"name\":\"Home\",\"item\":\"https:\\\/\\\/renemouris.fr\\\/\"},{\"@type\":\"ListItem\",\"position\":2,\"name\":\"Warranty\"}]},{\"@type\":\"WebSite\",\"@id\":\"https:\\\/\\\/renemouris.fr\\\/#website\",\"url\":\"https:\\\/\\\/renemouris.fr\\\/\",\"name\":\"Luxuy Watches for Men | Renemouris Watches\",\"description\":\"\",\"publisher\":{\"@id\":\"https:\\\/\\\/renemouris.fr\\\/#organization\"},\"alternateName\":\"Renemouris Watches\",\"potentialAction\":[{\"@type\":\"SearchAction\",\"target\":{\"@type\":\"EntryPoint\",\"urlTemplate\":\"https:\\\/\\\/renemouris.fr\\\/?s={search_term_string}\"},\"query-input\":{\"@type\":\"PropertyValueSpecification\",\"valueRequired\":true,\"valueName\":\"search_term_string\"}}],\"inLanguage\":\"en-US\"},{\"@type\":\"Organization\",\"@id\":\"https:\\\/\\\/renemouris.fr\\\/#organization\",\"name\":\"RENE MOURIS\",\"url\":\"https:\\\/\\\/renemouris.fr\\\/\",\"logo\":{\"@type\":\"ImageObject\",\"inLanguage\":\"en-US\",\"@id\":\"https:\\\/\\\/renemouris.fr\\\/#\\\/schema\\\/logo\\\/image\\\/\",\"url\":null,\"contentUrl\":null,\"width\":null,\"height\":null,\"caption\":\"RENE MOURIS\"},\"image\":{\"@id\":\"https:\\\/\\\/renemouris.fr\\\/#\\\/schema\\\/logo\\\/image\\\/\"},\"sameAs\":[\"https:\\\/\\\/www.facebook.com\\\/renemouris.official\",\"https:\\\/\\\/x.com\\\/renemouris\",\"https:\\\/\\\/www.instagram.com\\\/renemourisofficial\",\"https:\\\/\\\/www.pinterest.fr\\\/renemouris\\\/\",\"https:\\\/\\\/www.youtube.com\\\/user\\\/renemouris\"]}]}<\/script>\n<!-- \/ Yoast SEO plugin. -->","yoast_head_json":{"title":"Warranty - Rene Mouris","robots":{"index":"index","follow":"follow","max-snippet":"max-snippet:-1","max-image-preview":"max-image-preview:large","max-video-preview":"max-video-preview:-1"},"canonical":"https:\/\/renemouris.fr\/en\/warranty\/","og_locale":"en_US","og_type":"article","og_title":"Warranty - Rene Mouris","og_description":"Warranty Our REN\u00c9 MOURIS product is warranted by REN\u00c9 MOURIS LA MAISON DE LUXE SAS. for two (2) years from the date of purchase under the terms and conditions of this warranty (the \u201cInternational Warranty\u201d). The International Warranty covers material and manufacturing defects including the watch\u2019s movement, hands, and dial (\u201cDefects\u201d). Any defective product or [&hellip;]","og_url":"https:\/\/renemouris.fr\/en\/warranty\/","og_site_name":"Rene Mouris","article_publisher":"https:\/\/www.facebook.com\/renemouris.official","article_modified_time":"2025-11-11T05:18:09+00:00","twitter_card":"summary_large_image","twitter_site":"@renemouris","twitter_misc":{"Est. reading time":"6 minutes"},"schema":{"@context":"https:\/\/schema.org","@graph":[{"@type":"WebPage","@id":"https:\/\/renemouris.fr\/en\/warranty\/","url":"https:\/\/renemouris.fr\/en\/warranty\/","name":"Warranty - Rene Mouris","isPartOf":{"@id":"https:\/\/renemouris.fr\/#website"},"datePublished":"2025-05-02T13:35:31+00:00","dateModified":"2025-11-11T05:18:09+00:00","breadcrumb":{"@id":"https:\/\/renemouris.fr\/en\/warranty\/#breadcrumb"},"inLanguage":"en-US","potentialAction":[{"@type":"ReadAction","target":["https:\/\/renemouris.fr\/en\/warranty\/"]}]},{"@type":"BreadcrumbList","@id":"https:\/\/renemouris.fr\/en\/warranty\/#breadcrumb","itemListElement":[{"@type":"ListItem","position":1,"name":"Home","item":"https:\/\/renemouris.fr\/"},{"@type":"ListItem","position":2,"name":"Warranty"}]},{"@type":"WebSite","@id":"https:\/\/renemouris.fr\/#website","url":"https:\/\/renemouris.fr\/","name":"Luxuy Watches for Men | Renemouris Watches","description":"","publisher":{"@id":"https:\/\/renemouris.fr\/#organization"},"alternateName":"Renemouris Watches","potentialAction":[{"@type":"SearchAction","target":{"@type":"EntryPoint","urlTemplate":"https:\/\/renemouris.fr\/?s={search_term_string}"},"query-input":{"@type":"PropertyValueSpecification","valueRequired":true,"valueName":"search_term_string"}}],"inLanguage":"en-US"},{"@type":"Organization","@id":"https:\/\/renemouris.fr\/#organization","name":"RENE MOURIS","url":"https:\/\/renemouris.fr\/","logo":{"@type":"ImageObject","inLanguage":"en-US","@id":"https:\/\/renemouris.fr\/#\/schema\/logo\/image\/","url":null,"contentUrl":null,"width":null,"height":null,"caption":"RENE MOURIS"},"image":{"@id":"https:\/\/renemouris.fr\/#\/schema\/logo\/image\/"},"sameAs":["https:\/\/www.facebook.com\/renemouris.official","https:\/\/x.com\/renemouris","https:\/\/www.instagram.com\/renemourisofficial","https:\/\/www.pinterest.fr\/renemouris\/","https:\/\/www.youtube.com\/user\/renemouris"]}]}},"_links":{"self":[{"href":"https:\/\/renemouris.fr\/en\/wp-json\/wp\/v2\/pages\/9565","targetHints":{"allow":["GET"]}}],"collection":[{"href":"https:\/\/renemouris.fr\/en\/wp-json\/wp\/v2\/pages"}],"about":[{"href":"https:\/\/renemouris.fr\/en\/wp-json\/wp\/v2\/types\/page"}],"author":[{"embeddable":true,"href":"https:\/\/renemouris.fr\/en\/wp-json\/wp\/v2\/users\/2"}],"replies":[{"embeddable":true,"href":"https:\/\/renemouris.fr\/en\/wp-json\/wp\/v2\/comments?post=9565"}],"version-history":[{"count":22,"href":"https:\/\/renemouris.fr\/en\/wp-json\/wp\/v2\/pages\/9565\/revisions"}],"predecessor-version":[{"id":123834,"href":"https:\/\/renemouris.fr\/en\/wp-json\/wp\/v2\/pages\/9565\/revisions\/123834"}],"wp:attachment":[{"href":"https:\/\/renemouris.fr\/en\/wp-json\/wp\/v2\/media?parent=9565"}],"curies":[{"name":"wp","href":"https:\/\/api.w.org\/{rel}","templated":true}]}}