{"id":113957,"date":"2024-08-02T10:59:32","date_gmt":"2024-08-02T10:59:32","guid":{"rendered":"http:\/\/localhost\/rene-live\/contacta-con-nosotras\/"},"modified":"2025-11-10T11:51:59","modified_gmt":"2025-11-10T11:51:59","slug":"contacta-con-nosotras","status":"publish","type":"page","link":"https:\/\/renemouris.fr\/es\/contacta-con-nosotras\/","title":{"rendered":"Contacta con nosotras"},"content":{"rendered":"\t\t<div data-elementor-type=\"wp-page\" data-elementor-id=\"113957\" class=\"elementor elementor-113957 elementor-2094\">\n\t\t\t\t<div class=\"elementor-element elementor-element-14d98f6 e-con-full e-flex e-con e-parent\" data-id=\"14d98f6\" data-element_type=\"container\" data-e-type=\"container\">\n\t\t<div class=\"elementor-element elementor-element-fbeee87 e-con-full e-flex e-con e-child\" data-id=\"fbeee87\" data-element_type=\"container\" data-e-type=\"container\">\n\t\t\t\t<div class=\"elementor-element elementor-element-49aceb4 black-background elementor-widget elementor-widget-image\" data-id=\"49aceb4\" data-element_type=\"widget\" data-e-type=\"widget\" data-widget_type=\"image.default\">\n\t\t\t\t<div class=\"elementor-widget-container\">\n\t\t\t\t\t\t\t\t\t\t\t\t\t\t\t<img fetchpriority=\"high\" decoding=\"async\" width=\"1159\" height=\"939\" src=\"https:\/\/renemouris.fr\/wp-content\/uploads\/2025\/08\/contact-page-banner.jpg\" class=\"attachment-full size-full wp-image-123677\" alt=\"\" srcset=\"https:\/\/renemouris.fr\/wp-content\/uploads\/2025\/08\/contact-page-banner.jpg 1159w, https:\/\/renemouris.fr\/wp-content\/uploads\/2025\/08\/contact-page-banner-300x243.jpg 300w, https:\/\/renemouris.fr\/wp-content\/uploads\/2025\/08\/contact-page-banner-1024x830.jpg 1024w, https:\/\/renemouris.fr\/wp-content\/uploads\/2025\/08\/contact-page-banner-768x622.jpg 768w, https:\/\/renemouris.fr\/wp-content\/uploads\/2025\/08\/contact-page-banner-600x486.jpg 600w\" sizes=\"(max-width: 1159px) 100vw, 1159px\" \/>\t\t\t\t\t\t\t\t\t\t\t\t\t\t\t<\/div>\n\t\t\t\t<\/div>\n\t\t\t\t<\/div>\n\t\t<div class=\"elementor-element elementor-element-57c7dfc e-con-full e-flex e-con e-child\" data-id=\"57c7dfc\" data-element_type=\"container\" data-e-type=\"container\">\n\t\t\t\t<div class=\"elementor-element elementor-element-e46517f contact-page-text-widget elementor-widget__width-initial elementor-widget elementor-widget-precisionandcraft_core_section_title\" data-id=\"e46517f\" data-element_type=\"widget\" data-e-type=\"widget\" data-widget_type=\"precisionandcraft_core_section_title.default\">\n\t\t\t\t<div class=\"elementor-widget-container\">\n\t\t\t\t\t<div class=\"qodef-shortcode qodef-m  qodef-section-title qodef-alignment--left \">\n\t\t<h2 class=\"qodef-m-title\" >\n\t\t\t\t\tContacta con nosotros\t\t\t<\/h2>\n\t\t<\/div>\n\t\t\t\t<\/div>\n\t\t\t\t<\/div>\n\t\t\t\t<div class=\"elementor-element elementor-element-2d583aa elementor-widget__width-initial elementor-widget elementor-widget-wp-widget-precisionandcraft_core_contact_form_7\" data-id=\"2d583aa\" data-element_type=\"widget\" data-e-type=\"widget\" data-widget_type=\"wp-widget-precisionandcraft_core_contact_form_7.default\">\n\t\t\t\t<div class=\"elementor-widget-container\">\n\t\t\t\t\t\t\t\t<div class=\"qodef-contact-form-7\">\n\t\t\t\t\n<div class=\"wpcf7 no-js\" id=\"wpcf7-f114953-o1\" lang=\"es-ES\" dir=\"ltr\" data-wpcf7-id=\"114953\">\n<div class=\"screen-reader-response\"><p role=\"status\" aria-live=\"polite\" aria-atomic=\"true\"><\/p> <ul><\/ul><\/div>\n<form action=\"\/es\/wp-json\/wp\/v2\/pages\/113957#wpcf7-f114953-o1\" method=\"post\" class=\"wpcf7-form init\" aria-label=\"Formulario de contacto\" novalidate=\"novalidate\" data-status=\"init\">\n<fieldset class=\"hidden-fields-container\"><input type=\"hidden\" name=\"_wpcf7\" value=\"114953\" \/><input type=\"hidden\" name=\"_wpcf7_version\" value=\"6.1.5\" \/><input type=\"hidden\" name=\"_wpcf7_locale\" value=\"es_ES\" \/><input type=\"hidden\" name=\"_wpcf7_unit_tag\" value=\"wpcf7-f114953-o1\" \/><input type=\"hidden\" name=\"_wpcf7_container_post\" value=\"0\" \/><input type=\"hidden\" name=\"_wpcf7_posted_data_hash\" value=\"\" \/>\n<\/fieldset>\n<span class=\"wpcf7-form-control-wrap\" data-name=\"enter-name\"><input size=\"40\" maxlength=\"400\" class=\"wpcf7-form-control wpcf7-text wpcf7-validates-as-required\" autocomplete=\"name\" aria-required=\"true\" aria-invalid=\"false\" placeholder=\"Name\" value=\"\" type=\"text\" name=\"enter-name\" \/><\/span>\n<span class=\"wpcf7-form-control-wrap\" data-name=\"enter-email\"><input size=\"40\" maxlength=\"400\" class=\"wpcf7-form-control wpcf7-email wpcf7-validates-as-required wpcf7-text wpcf7-validates-as-email\" autocomplete=\"email\" aria-required=\"true\" aria-invalid=\"false\" placeholder=\"Email\" value=\"\" type=\"email\" name=\"enter-email\" \/><\/span>\n<span class=\"wpcf7-form-control-wrap\" data-name=\"enter-message\"><textarea cols=\"40\" rows=\"6\" maxlength=\"2000\" class=\"wpcf7-form-control wpcf7-textarea\" aria-invalid=\"false\" placeholder=\"Message\" name=\"enter-message\"><\/textarea><\/span>\n\n<button class=\"wpcf7-form-control wpcf7-submit qodef-button qodef-size--normal qodef-layout--filled qodef-m\" type=\"submit\"><span class=\"qodef-m-text\"><span class=\"qodef-m-text-first\">Send<\/span><span class=\"qodef-m-text-second\">Send<\/span><\/span><\/button><p style=\"display: none !important;\" class=\"akismet-fields-container\" data-prefix=\"_wpcf7_ak_\"><label>&#916;<textarea name=\"_wpcf7_ak_hp_textarea\" cols=\"45\" rows=\"8\" maxlength=\"100\"><\/textarea><\/label><input type=\"hidden\" id=\"ak_js_1\" name=\"_wpcf7_ak_js\" value=\"74\"\/><script>document.getElementById( \"ak_js_1\" ).setAttribute( \"value\", ( new Date() ).getTime() );<\/script><\/p><div class=\"wpcf7-response-output\" aria-hidden=\"true\"><\/div>\n<\/form>\n<\/div>\n\t\t\t<\/div>\n\t\t\t\t\t\t\t<\/div>\n\t\t\t\t<\/div>\n\t\t\t\t<\/div>\n\t\t\t\t<\/div>\n\t\t<div class=\"elementor-element elementor-element-a7b7d4d e-con-full black-background e-flex e-con e-parent\" data-id=\"a7b7d4d\" data-element_type=\"container\" data-e-type=\"container\" data-settings=\"{&quot;background_background&quot;:&quot;classic&quot;}\">\n\t\t\t\t<div class=\"elementor-element elementor-element-0ebd1ce elementor-widget elementor-widget-precisionandcraft_core_text_marquee\" data-id=\"0ebd1ce\" data-element_type=\"widget\" data-e-type=\"widget\" data-widget_type=\"precisionandcraft_core_text_marquee.default\">\n\t\t\t\t<div class=\"elementor-widget-container\">\n\t\t\t\t\t<div class=\"qodef-shortcode qodef-m  qodef-text-marquee qodef-text-marquee-765 qodef-layout--default qodef-direction--left\" style=\"background-color:#000000\">\n\t<div class=\"qodef-m-content\" >\n\t\t<div class=\"qodef-m-content-inner\">\n\t\t\t\t\t\t\t<span class=\"qodef-m-text-1\" >\n\t\t\t\t\t* Siempre un paso por delante de las tendencias \t\t\t\t<\/span>\n\t\t\t\t\t\t\t\t\t\t\t\t\t\t<\/div>\n\t<\/div>\n<\/div>\n\t\t\t\t<\/div>\n\t\t\t\t<\/div>\n\t\t\t\t<\/div>\n\t\t<div class=\"elementor-element elementor-element-2501def e-con-full e-flex e-con e-parent\" data-id=\"2501def\" data-element_type=\"container\" data-e-type=\"container\">\n\t\t<div class=\"elementor-element elementor-element-c855a75 e-con-full e-flex e-con e-child\" data-id=\"c855a75\" data-element_type=\"container\" data-e-type=\"container\">\n\t\t\t\t<div class=\"elementor-element elementor-element-cefcee9 contact-page-text-widget elementor-widget elementor-widget-precisionandcraft_core_section_title\" data-id=\"cefcee9\" data-element_type=\"widget\" data-e-type=\"widget\" data-widget_type=\"precisionandcraft_core_section_title.default\">\n\t\t\t\t<div class=\"elementor-widget-container\">\n\t\t\t\t\t<div class=\"qodef-shortcode qodef-m  qodef-section-title qodef-alignment--left \">\n\t\t<h2 class=\"qodef-m-title\" >\n\t\t\t\t\t\u00bfNecesita ayuda?\t\t\t<\/h2>\n\t\t\t<p class=\"qodef-m-text\" >Nuestro equipo fue seleccionado por su comprensi\u00f3n de los materiales, los procesos y su pasi\u00f3n por la moda. Ya sea que est\u00e9s navegando por nuestro sitio web o visitando nuestra tienda, siempre estamos dispuestos a compartir nuestro profundo conocimiento y comprensi\u00f3n de nuestros creadores y su arte. <br \/>\n<br \/>\n Si tiene alguna pregunta espec\u00edfica no dude en ponerse en contacto con nosotros completando este formulario.<\/p>\n<\/div>\n\t\t\t\t<\/div>\n\t\t\t\t<\/div>\n\t\t<div class=\"elementor-element elementor-element-6bc7e9f e-con-full qodef-no-color-change-on-hover e-flex e-con e-child\" data-id=\"6bc7e9f\" data-element_type=\"container\" data-e-type=\"container\">\n\t\t<div class=\"elementor-element elementor-element-0ba7774 e-con-full e-flex e-con e-child\" data-id=\"0ba7774\" data-element_type=\"container\" data-e-type=\"container\">\n\t\t\t\t<div class=\"elementor-element elementor-element-f1b9231 elementor-widget elementor-widget-heading\" data-id=\"f1b9231\" data-element_type=\"widget\" data-e-type=\"widget\" data-widget_type=\"heading.default\">\n\t\t\t\t<div class=\"elementor-widget-container\">\n\t\t\t\t\t<h2 class=\"elementor-heading-title elementor-size-default\">DIRECCI\u00d3N DE LA TIENDA\n<\/h2>\t\t\t\t<\/div>\n\t\t\t\t<\/div>\n\t\t\t\t<div class=\"elementor-element elementor-element-8161e0e elementor-widget elementor-widget-text-editor\" data-id=\"8161e0e\" data-element_type=\"widget\" data-e-type=\"widget\" data-widget_type=\"text-editor.default\">\n\t\t\t\t<div class=\"elementor-widget-container\">\n\t\t\t\t\t\t\t\t\t<p>57 rue d&#8217;Amsterdam,<br>75008 Par\u00eds, Francia<\/p>\t\t\t\t\t\t\t\t<\/div>\n\t\t\t\t<\/div>\n\t\t\t\t<div class=\"elementor-element elementor-element-6221cdf elementor-widget elementor-widget-heading\" data-id=\"6221cdf\" data-element_type=\"widget\" data-e-type=\"widget\" data-widget_type=\"heading.default\">\n\t\t\t\t<div class=\"elementor-widget-container\">\n\t\t\t\t\t<h2 class=\"elementor-heading-title elementor-size-default\">N\u00famero de contacto\n<\/h2>\t\t\t\t<\/div>\n\t\t\t\t<\/div>\n\t\t\t\t<div class=\"elementor-element elementor-element-38a4ab8 elementor-widget elementor-widget-text-editor\" data-id=\"38a4ab8\" data-element_type=\"widget\" data-e-type=\"widget\" data-widget_type=\"text-editor.default\">\n\t\t\t\t<div class=\"elementor-widget-container\">\n\t\t\t\t\t\t\t\t\t<p><a href=\"tel:33175004002\">+33 (1) 75 00 40 02<\/a><\/p>\t\t\t\t\t\t\t\t<\/div>\n\t\t\t\t<\/div>\n\t\t\t\t<div class=\"elementor-element elementor-element-8484721 elementor-widget elementor-widget-heading\" data-id=\"8484721\" data-element_type=\"widget\" data-e-type=\"widget\" data-widget_type=\"heading.default\">\n\t\t\t\t<div class=\"elementor-widget-container\">\n\t\t\t\t\t<h2 class=\"elementor-heading-title elementor-size-default\">CORREO ELECTR\u00d3NICO\n<\/h2>\t\t\t\t<\/div>\n\t\t\t\t<\/div>\n\t\t\t\t<div class=\"elementor-element elementor-element-5380ea0 elementor-widget elementor-widget-text-editor\" data-id=\"5380ea0\" data-element_type=\"widget\" data-e-type=\"widget\" data-widget_type=\"text-editor.default\">\n\t\t\t\t<div class=\"elementor-widget-container\">\n\t\t\t\t\t\t\t\t\t<p><a href=\"mailto:info@renemouris.fr\">info@renemouris.fr<\/a><\/p>\t\t\t\t\t\t\t\t<\/div>\n\t\t\t\t<\/div>\n\t\t\t\t<\/div>\n\t\t<div class=\"elementor-element elementor-element-9a6a2ac e-con-full e-flex e-con e-child\" data-id=\"9a6a2ac\" data-element_type=\"container\" data-e-type=\"container\">\n\t\t\t\t<div class=\"elementor-element elementor-element-b74fa7d elementor-widget elementor-widget-heading\" data-id=\"b74fa7d\" data-element_type=\"widget\" data-e-type=\"widget\" data-widget_type=\"heading.default\">\n\t\t\t\t<div class=\"elementor-widget-container\">\n\t\t\t\t\t<h2 class=\"elementor-heading-title elementor-size-default\">RCS No\n<\/h2>\t\t\t\t<\/div>\n\t\t\t\t<\/div>\n\t\t\t\t<div class=\"elementor-element elementor-element-465152b elementor-widget elementor-widget-text-editor\" data-id=\"465152b\" data-element_type=\"widget\" data-e-type=\"widget\" data-widget_type=\"text-editor.default\">\n\t\t\t\t<div class=\"elementor-widget-container\">\n\t\t\t\t\t\t\t\t\t<div class=\"elementor-element elementor-element-a5d4242 elementor-widget elementor-widget-text-editor\" data-id=\"a5d4242\" data-element_type=\"widget\" data-widget_type=\"text-editor.default\"><div class=\"elementor-widget-container\"><p> RCS-819865502-(2016B09587)<\/p><\/div><\/div>\t\t\t\t\t\t\t\t<\/div>\n\t\t\t\t<\/div>\n\t\t\t\t<div class=\"elementor-element elementor-element-472f483 elementor-widget elementor-widget-heading\" data-id=\"472f483\" data-element_type=\"widget\" data-e-type=\"widget\" data-widget_type=\"heading.default\">\n\t\t\t\t<div class=\"elementor-widget-container\">\n\t\t\t\t\t<h2 class=\"elementor-heading-title elementor-size-default\">N\u00famero de IVA\n<\/h2>\t\t\t\t<\/div>\n\t\t\t\t<\/div>\n\t\t\t\t<div class=\"elementor-element elementor-element-5466acc elementor-widget elementor-widget-text-editor\" data-id=\"5466acc\" data-element_type=\"widget\" data-e-type=\"widget\" data-widget_type=\"text-editor.default\">\n\t\t\t\t<div class=\"elementor-widget-container\">\n\t\t\t\t\t\t\t\t\t<div class=\"elementor-element elementor-element-a5d4242 elementor-widget elementor-widget-text-editor\" data-id=\"a5d4242\" data-element_type=\"widget\" data-widget_type=\"text-editor.default\"><div class=\"elementor-widget-container\"><div class=\"elementor-element elementor-element-208c0eb elementor-widget elementor-widget-text-editor\" data-id=\"208c0eb\" data-element_type=\"widget\" data-widget_type=\"text-editor.default\"><div class=\"elementor-widget-container\"><p>FR 13819865502<\/p><\/div><\/div><\/div><\/div>\t\t\t\t\t\t\t\t<\/div>\n\t\t\t\t<\/div>\n\t\t\t\t<div class=\"elementor-element elementor-element-c82a08b elementor-widget elementor-widget-heading\" data-id=\"c82a08b\" data-element_type=\"widget\" data-e-type=\"widget\" data-widget_type=\"heading.default\">\n\t\t\t\t<div class=\"elementor-widget-container\">\n\t\t\t\t\t<h2 class=\"elementor-heading-title elementor-size-default\">HORARIO DE APERTURA<\/h2>\t\t\t\t<\/div>\n\t\t\t\t<\/div>\n\t\t\t\t<div class=\"elementor-element elementor-element-12007bd elementor-widget elementor-widget-text-editor\" data-id=\"12007bd\" data-element_type=\"widget\" data-e-type=\"widget\" data-widget_type=\"text-editor.default\">\n\t\t\t\t<div class=\"elementor-widget-container\">\n\t\t\t\t\t\t\t\t\t<div class=\"elementor-element elementor-element-a5d4242 elementor-widget elementor-widget-text-editor\" data-id=\"a5d4242\" data-element_type=\"widget\" data-widget_type=\"text-editor.default\"><div class=\"elementor-widget-container\"><div class=\"elementor-element elementor-element-208c0eb elementor-widget elementor-widget-text-editor\" data-id=\"208c0eb\" data-element_type=\"widget\" data-widget_type=\"text-editor.default\"><div class=\"elementor-widget-container\"><p>Lunes a viernes<br>De 9:00 a 17:00<\/p><\/div><\/div><\/div><\/div>\t\t\t\t\t\t\t\t<\/div>\n\t\t\t\t<\/div>\n\t\t\t\t<\/div>\n\t\t\t\t<\/div>\n\t\t\t\t<\/div>\n\t\t<div class=\"elementor-element elementor-element-b63be50 e-con-full e-flex e-con e-child\" data-id=\"b63be50\" data-element_type=\"container\" data-e-type=\"container\">\n\t\t\t\t<div class=\"elementor-element elementor-element-045fcf9 elementor-widget elementor-widget-google_maps\" data-id=\"045fcf9\" data-element_type=\"widget\" data-e-type=\"widget\" data-widget_type=\"google_maps.default\">\n\t\t\t\t<div class=\"elementor-widget-container\">\n\t\t\t\t\t\t\t<div class=\"elementor-custom-embed\">\n\t\t\t<iframe loading=\"lazy\"\n\t\t\t\t\tsrc=\"https:\/\/maps.google.com\/maps?q=57%20rue%20d%E2%80%99Amsterdam%2C%2075008%20Paris%2C%20France&#038;t=m&#038;z=10&#038;output=embed&#038;iwloc=near\"\n\t\t\t\t\ttitle=\"57 rue d\u2019Amsterdam, 75008 Paris, France\"\n\t\t\t\t\taria-label=\"57 rue d\u2019Amsterdam, 75008 Paris, France\"\n\t\t\t><\/iframe>\n\t\t<\/div>\n\t\t\t\t\t\t<\/div>\n\t\t\t\t<\/div>\n\t\t\t\t<\/div>\n\t\t\t\t<\/div>\n\t\t\t\t<\/div>\n\t\t","protected":false},"excerpt":{"rendered":"<p>Contacta con nosotros * Siempre un paso por delante de las tendencias \u00bfNecesita ayuda? Nuestro equipo fue seleccionado por su comprensi\u00f3n de los materiales, los procesos y su pasi\u00f3n por la moda. Ya sea que est\u00e9s navegando por nuestro sitio web o visitando nuestra tienda, siempre estamos dispuestos a compartir nuestro profundo conocimiento y comprensi\u00f3n [&hellip;]<\/p>\n","protected":false},"author":2,"featured_media":0,"parent":0,"menu_order":0,"comment_status":"closed","ping_status":"closed","template":"page-full-width.php","meta":{"footnotes":""},"class_list":["post-113957","page","type-page","status-publish","hentry"],"yoast_head":"<!-- This site is optimized with the Yoast SEO plugin v27.3 - https:\/\/yoast.com\/product\/yoast-seo-wordpress\/ -->\n<title>Contacta con nosotras - Rene Mouris<\/title>\n<meta name=\"robots\" content=\"index, follow, max-snippet:-1, max-image-preview:large, max-video-preview:-1\" \/>\n<link rel=\"canonical\" href=\"https:\/\/renemouris.fr\/es\/contacta-con-nosotras\/\" \/>\n<meta property=\"og:locale\" content=\"es_ES\" \/>\n<meta property=\"og:type\" content=\"article\" \/>\n<meta property=\"og:title\" content=\"Contacta con nosotras - Rene Mouris\" \/>\n<meta property=\"og:description\" content=\"Contacta con nosotros * Siempre un paso por delante de las tendencias \u00bfNecesita ayuda? Nuestro equipo fue seleccionado por su comprensi\u00f3n de los materiales, los procesos y su pasi\u00f3n por la moda. Ya sea que est\u00e9s navegando por nuestro sitio web o visitando nuestra tienda, siempre estamos dispuestos a compartir nuestro profundo conocimiento y comprensi\u00f3n [&hellip;]\" \/>\n<meta property=\"og:url\" content=\"https:\/\/renemouris.fr\/es\/contacta-con-nosotras\/\" \/>\n<meta property=\"og:site_name\" content=\"Rene Mouris\" \/>\n<meta property=\"article:publisher\" content=\"https:\/\/www.facebook.com\/renemouris.official\" \/>\n<meta property=\"article:modified_time\" content=\"2025-11-10T11:51:59+00:00\" \/>\n<meta property=\"og:image\" content=\"https:\/\/renemouris.fr\/wp-content\/uploads\/2025\/08\/contact-page-banner.jpg\" \/>\n\t<meta property=\"og:image:width\" content=\"1159\" \/>\n\t<meta property=\"og:image:height\" content=\"939\" \/>\n\t<meta property=\"og:image:type\" content=\"image\/jpeg\" \/>\n<meta name=\"twitter:card\" content=\"summary_large_image\" \/>\n<meta name=\"twitter:site\" content=\"@renemouris\" \/>\n<meta name=\"twitter:label1\" content=\"Tiempo de lectura\" \/>\n\t<meta name=\"twitter:data1\" content=\"1 minuto\" \/>\n<script type=\"application\/ld+json\" class=\"yoast-schema-graph\">{\"@context\":\"https:\\\/\\\/schema.org\",\"@graph\":[{\"@type\":\"WebPage\",\"@id\":\"https:\\\/\\\/renemouris.fr\\\/es\\\/contacta-con-nosotras\\\/\",\"url\":\"https:\\\/\\\/renemouris.fr\\\/es\\\/contacta-con-nosotras\\\/\",\"name\":\"Contacta con nosotras - Rene Mouris\",\"isPartOf\":{\"@id\":\"https:\\\/\\\/renemouris.fr\\\/#website\"},\"primaryImageOfPage\":{\"@id\":\"https:\\\/\\\/renemouris.fr\\\/es\\\/contacta-con-nosotras\\\/#primaryimage\"},\"image\":{\"@id\":\"https:\\\/\\\/renemouris.fr\\\/es\\\/contacta-con-nosotras\\\/#primaryimage\"},\"thumbnailUrl\":\"https:\\\/\\\/renemouris.fr\\\/wp-content\\\/uploads\\\/2025\\\/08\\\/contact-page-banner.jpg\",\"datePublished\":\"2024-08-02T10:59:32+00:00\",\"dateModified\":\"2025-11-10T11:51:59+00:00\",\"breadcrumb\":{\"@id\":\"https:\\\/\\\/renemouris.fr\\\/es\\\/contacta-con-nosotras\\\/#breadcrumb\"},\"inLanguage\":\"es\",\"potentialAction\":[{\"@type\":\"ReadAction\",\"target\":[\"https:\\\/\\\/renemouris.fr\\\/es\\\/contacta-con-nosotras\\\/\"]}]},{\"@type\":\"ImageObject\",\"inLanguage\":\"es\",\"@id\":\"https:\\\/\\\/renemouris.fr\\\/es\\\/contacta-con-nosotras\\\/#primaryimage\",\"url\":\"https:\\\/\\\/renemouris.fr\\\/wp-content\\\/uploads\\\/2025\\\/08\\\/contact-page-banner.jpg\",\"contentUrl\":\"https:\\\/\\\/renemouris.fr\\\/wp-content\\\/uploads\\\/2025\\\/08\\\/contact-page-banner.jpg\"},{\"@type\":\"BreadcrumbList\",\"@id\":\"https:\\\/\\\/renemouris.fr\\\/es\\\/contacta-con-nosotras\\\/#breadcrumb\",\"itemListElement\":[{\"@type\":\"ListItem\",\"position\":1,\"name\":\"Home\",\"item\":\"https:\\\/\\\/renemouris.fr\\\/\"},{\"@type\":\"ListItem\",\"position\":2,\"name\":\"Contacta con nosotras\"}]},{\"@type\":\"WebSite\",\"@id\":\"https:\\\/\\\/renemouris.fr\\\/#website\",\"url\":\"https:\\\/\\\/renemouris.fr\\\/\",\"name\":\"Luxuy Watches for Men | Renemouris Watches\",\"description\":\"\",\"publisher\":{\"@id\":\"https:\\\/\\\/renemouris.fr\\\/#organization\"},\"alternateName\":\"Renemouris Watches\",\"potentialAction\":[{\"@type\":\"SearchAction\",\"target\":{\"@type\":\"EntryPoint\",\"urlTemplate\":\"https:\\\/\\\/renemouris.fr\\\/?s={search_term_string}\"},\"query-input\":{\"@type\":\"PropertyValueSpecification\",\"valueRequired\":true,\"valueName\":\"search_term_string\"}}],\"inLanguage\":\"es\"},{\"@type\":\"Organization\",\"@id\":\"https:\\\/\\\/renemouris.fr\\\/#organization\",\"name\":\"RENE MOURIS\",\"url\":\"https:\\\/\\\/renemouris.fr\\\/\",\"logo\":{\"@type\":\"ImageObject\",\"inLanguage\":\"es\",\"@id\":\"https:\\\/\\\/renemouris.fr\\\/#\\\/schema\\\/logo\\\/image\\\/\",\"url\":null,\"contentUrl\":null,\"width\":null,\"height\":null,\"caption\":\"RENE MOURIS\"},\"image\":{\"@id\":\"https:\\\/\\\/renemouris.fr\\\/#\\\/schema\\\/logo\\\/image\\\/\"},\"sameAs\":[\"https:\\\/\\\/www.facebook.com\\\/renemouris.official\",\"https:\\\/\\\/x.com\\\/renemouris\",\"https:\\\/\\\/www.instagram.com\\\/renemourisofficial\",\"https:\\\/\\\/www.pinterest.fr\\\/renemouris\\\/\",\"https:\\\/\\\/www.youtube.com\\\/user\\\/renemouris\"]}]}<\/script>\n<!-- \/ Yoast SEO plugin. -->","yoast_head_json":{"title":"Contacta con nosotras - Rene Mouris","robots":{"index":"index","follow":"follow","max-snippet":"max-snippet:-1","max-image-preview":"max-image-preview:large","max-video-preview":"max-video-preview:-1"},"canonical":"https:\/\/renemouris.fr\/es\/contacta-con-nosotras\/","og_locale":"es_ES","og_type":"article","og_title":"Contacta con nosotras - Rene Mouris","og_description":"Contacta con nosotros * Siempre un paso por delante de las tendencias \u00bfNecesita ayuda? Nuestro equipo fue seleccionado por su comprensi\u00f3n de los materiales, los procesos y su pasi\u00f3n por la moda. Ya sea que est\u00e9s navegando por nuestro sitio web o visitando nuestra tienda, siempre estamos dispuestos a compartir nuestro profundo conocimiento y comprensi\u00f3n [&hellip;]","og_url":"https:\/\/renemouris.fr\/es\/contacta-con-nosotras\/","og_site_name":"Rene Mouris","article_publisher":"https:\/\/www.facebook.com\/renemouris.official","article_modified_time":"2025-11-10T11:51:59+00:00","og_image":[{"width":1159,"height":939,"url":"https:\/\/renemouris.fr\/wp-content\/uploads\/2025\/08\/contact-page-banner.jpg","type":"image\/jpeg"}],"twitter_card":"summary_large_image","twitter_site":"@renemouris","twitter_misc":{"Tiempo de lectura":"1 minuto"},"schema":{"@context":"https:\/\/schema.org","@graph":[{"@type":"WebPage","@id":"https:\/\/renemouris.fr\/es\/contacta-con-nosotras\/","url":"https:\/\/renemouris.fr\/es\/contacta-con-nosotras\/","name":"Contacta con nosotras - Rene Mouris","isPartOf":{"@id":"https:\/\/renemouris.fr\/#website"},"primaryImageOfPage":{"@id":"https:\/\/renemouris.fr\/es\/contacta-con-nosotras\/#primaryimage"},"image":{"@id":"https:\/\/renemouris.fr\/es\/contacta-con-nosotras\/#primaryimage"},"thumbnailUrl":"https:\/\/renemouris.fr\/wp-content\/uploads\/2025\/08\/contact-page-banner.jpg","datePublished":"2024-08-02T10:59:32+00:00","dateModified":"2025-11-10T11:51:59+00:00","breadcrumb":{"@id":"https:\/\/renemouris.fr\/es\/contacta-con-nosotras\/#breadcrumb"},"inLanguage":"es","potentialAction":[{"@type":"ReadAction","target":["https:\/\/renemouris.fr\/es\/contacta-con-nosotras\/"]}]},{"@type":"ImageObject","inLanguage":"es","@id":"https:\/\/renemouris.fr\/es\/contacta-con-nosotras\/#primaryimage","url":"https:\/\/renemouris.fr\/wp-content\/uploads\/2025\/08\/contact-page-banner.jpg","contentUrl":"https:\/\/renemouris.fr\/wp-content\/uploads\/2025\/08\/contact-page-banner.jpg"},{"@type":"BreadcrumbList","@id":"https:\/\/renemouris.fr\/es\/contacta-con-nosotras\/#breadcrumb","itemListElement":[{"@type":"ListItem","position":1,"name":"Home","item":"https:\/\/renemouris.fr\/"},{"@type":"ListItem","position":2,"name":"Contacta con nosotras"}]},{"@type":"WebSite","@id":"https:\/\/renemouris.fr\/#website","url":"https:\/\/renemouris.fr\/","name":"Luxuy Watches for Men | Renemouris Watches","description":"","publisher":{"@id":"https:\/\/renemouris.fr\/#organization"},"alternateName":"Renemouris Watches","potentialAction":[{"@type":"SearchAction","target":{"@type":"EntryPoint","urlTemplate":"https:\/\/renemouris.fr\/?s={search_term_string}"},"query-input":{"@type":"PropertyValueSpecification","valueRequired":true,"valueName":"search_term_string"}}],"inLanguage":"es"},{"@type":"Organization","@id":"https:\/\/renemouris.fr\/#organization","name":"RENE MOURIS","url":"https:\/\/renemouris.fr\/","logo":{"@type":"ImageObject","inLanguage":"es","@id":"https:\/\/renemouris.fr\/#\/schema\/logo\/image\/","url":null,"contentUrl":null,"width":null,"height":null,"caption":"RENE MOURIS"},"image":{"@id":"https:\/\/renemouris.fr\/#\/schema\/logo\/image\/"},"sameAs":["https:\/\/www.facebook.com\/renemouris.official","https:\/\/x.com\/renemouris","https:\/\/www.instagram.com\/renemourisofficial","https:\/\/www.pinterest.fr\/renemouris\/","https:\/\/www.youtube.com\/user\/renemouris"]}]}},"_links":{"self":[{"href":"https:\/\/renemouris.fr\/es\/wp-json\/wp\/v2\/pages\/113957","targetHints":{"allow":["GET"]}}],"collection":[{"href":"https:\/\/renemouris.fr\/es\/wp-json\/wp\/v2\/pages"}],"about":[{"href":"https:\/\/renemouris.fr\/es\/wp-json\/wp\/v2\/types\/page"}],"author":[{"embeddable":true,"href":"https:\/\/renemouris.fr\/es\/wp-json\/wp\/v2\/users\/2"}],"replies":[{"embeddable":true,"href":"https:\/\/renemouris.fr\/es\/wp-json\/wp\/v2\/comments?post=113957"}],"version-history":[{"count":27,"href":"https:\/\/renemouris.fr\/es\/wp-json\/wp\/v2\/pages\/113957\/revisions"}],"predecessor-version":[{"id":123687,"href":"https:\/\/renemouris.fr\/es\/wp-json\/wp\/v2\/pages\/113957\/revisions\/123687"}],"wp:attachment":[{"href":"https:\/\/renemouris.fr\/es\/wp-json\/wp\/v2\/media?parent=113957"}],"curies":[{"name":"wp","href":"https:\/\/api.w.org\/{rel}","templated":true}]}}