{"id":113963,"date":"2024-08-07T08:02:40","date_gmt":"2024-08-07T08:02:40","guid":{"rendered":"http:\/\/localhost\/rene-live\/nuestra-historia\/"},"modified":"2025-07-18T08:44:11","modified_gmt":"2025-07-18T08:44:11","slug":"nuestra-historia","status":"publish","type":"page","link":"https:\/\/renemouris.fr\/es\/nuestra-historia\/","title":{"rendered":"Nuestra historia"},"content":{"rendered":"\t\t<div data-elementor-type=\"wp-page\" data-elementor-id=\"113963\" class=\"elementor elementor-113963 elementor-2605\">\n\t\t\t\t<div class=\"elementor-element elementor-element-deeb483 e-con-full black-background e-flex e-con e-parent\" data-id=\"deeb483\" data-element_type=\"container\" data-e-type=\"container\">\n\t\t<div class=\"elementor-element elementor-element-13ad177 e-con-full our-story-container e-flex e-con e-child\" data-id=\"13ad177\" data-element_type=\"container\" data-e-type=\"container\">\n\t\t\t\t<div class=\"elementor-element elementor-element-82ecbc1 rm-story-stn elementor-widget elementor-widget-precisionandcraft_workflow_gallery\" data-id=\"82ecbc1\" data-element_type=\"widget\" data-e-type=\"widget\" data-widget_type=\"precisionandcraft_workflow_gallery.default\">\n\t\t\t\t<div class=\"elementor-widget-container\">\n\t\t\t\t\t<div class=\"qodef-shortcode qodef-m  qodef-workflow qodef--light\" style=\"--items-padding-top: 96px;--items-padding-bottom: 46px\">\n\t\t\t<div class=\"qodef-e-workflow-image-holder\">\n\t\t\t<div class=\"qodef-e-workflow-image\">\n\t\t\t\t<img fetchpriority=\"high\" decoding=\"async\" width=\"775\" height=\"1024\" src=\"https:\/\/renemouris.fr\/wp-content\/uploads\/2025\/07\/Our-Story-image.jpg\" class=\"attachment-full size-full\" alt=\"\" srcset=\"https:\/\/renemouris.fr\/wp-content\/uploads\/2025\/07\/Our-Story-image.jpg 775w, https:\/\/renemouris.fr\/wp-content\/uploads\/2025\/07\/Our-Story-image-227x300.jpg 227w, https:\/\/renemouris.fr\/wp-content\/uploads\/2025\/07\/Our-Story-image-768x1015.jpg 768w, https:\/\/renemouris.fr\/wp-content\/uploads\/2025\/07\/Our-Story-image-600x793.jpg 600w\" sizes=\"(max-width: 775px) 100vw, 775px\" \/>\t\t\t<\/div>\n\t\t<\/div>\n\t\t<div class=\"qodef-line-holder\">\n\t\t<div class=\"qodef-line\"><\/div>\n\t<\/div>\n\t\t\t<div class=\"qodef-e-workflow-items\">\n\t\t\t\t\t\t\t<div class=\"qodef-e-workflow-item\">\n\t\t\t\t\t<div class=\"qodef-e-workflow-text\">\n\t\t\t\t\t\t\t\t\t\t\t\t\t<div class=\"qodef-e-subtitle\">\n\t\t\t\t\t\t\t\t1960\t\t\t\t\t\t\t\t<div class=\"qodef-e-subtitle-separator\"><\/div>\n\t\t\t\t\t\t\t<\/div>\n\t\t\t\t\t\t\t\t\t\t\t\t<h4 class=\"qodef-e-title\">Los cimientos de un sue\u00f1o<\/h4>\n\t\t\t\t\t\t\t\t\t\t\t\t\t<div class=\"qodef-e-text\"><p>El Sr. Ren\u00e9 Javier Mouris se forma en las prestigiosas escuelas de relojer\u00eda suizas durante un per\u00edodo revolucionario en la horolog\u00eda, adquiriendo un profundo conocimiento en el cronometraje mec\u00e1nico en medio de una oleada de innovaci\u00f3n y experimentaci\u00f3n.<\/p><\/div>\n\t\t\t\t\t\t\t\t\t\t\t<\/div>\n\t\t\t\t<\/div>\n\t\t\t\t\t\t\t<div class=\"qodef-e-workflow-item\">\n\t\t\t\t\t<div class=\"qodef-e-workflow-text\">\n\t\t\t\t\t\t\t\t\t\t\t\t\t<div class=\"qodef-e-subtitle\">\n\t\t\t\t\t\t\t\t1975\t\t\t\t\t\t\t\t<div class=\"qodef-e-subtitle-separator\"><\/div>\n\t\t\t\t\t\t\t<\/div>\n\t\t\t\t\t\t\t\t\t\t\t\t<h4 class=\"qodef-e-title\">Los primeros bocetos<\/h4>\n\t\t\t\t\t\t\t\t\t\t\t\t\t<div class=\"qodef-e-text\"><p>El Sr. Mouris comienza a esbozar dise\u00f1os para sus propios relojes. Aunque lleno de pasi\u00f3n y creatividad, ninguno de estos conceptos se materializa en relojes f\u00edsicos, lo que deja su visi\u00f3n latente durante d\u00e9cadas. <\/p><\/div>\n\t\t\t\t\t\t\t\t\t\t\t<\/div>\n\t\t\t\t<\/div>\n\t\t\t\t\t\t\t<div class=\"qodef-e-workflow-item\">\n\t\t\t\t\t<div class=\"qodef-e-workflow-text\">\n\t\t\t\t\t\t\t\t\t\t\t\t\t<div class=\"qodef-e-subtitle\">\n\t\t\t\t\t\t\t\t2007\t\t\t\t\t\t\t\t<div class=\"qodef-e-subtitle-separator\"><\/div>\n\t\t\t\t\t\t\t<\/div>\n\t\t\t\t\t\t\t\t\t\t\t\t<h4 class=\"qodef-e-title\">Un encuentro fortuito en Besan\u00e7on<\/h4>\n\t\t\t\t\t\t\t\t\t\t\t\t\t<div class=\"qodef-e-text\"><p>En una noche nevada en Besan\u00e7on, Francia, el Sr. Mouris conoce a un emprendedor cautivado por su historia y pasi\u00f3n. El emprendedor promete dar vida a sus bocetos, reviviendo un sue\u00f1o de larga data. <\/p><\/div>\n\t\t\t\t\t\t\t\t\t\t\t<\/div>\n\t\t\t\t<\/div>\n\t\t\t\t\t\t\t<div class=\"qodef-e-workflow-item\">\n\t\t\t\t\t<div class=\"qodef-e-workflow-text\">\n\t\t\t\t\t\t\t\t\t\t\t\t\t<div class=\"qodef-e-subtitle\">\n\t\t\t\t\t\t\t\t2007\t\t\t\t\t\t\t\t<div class=\"qodef-e-subtitle-separator\"><\/div>\n\t\t\t\t\t\t\t<\/div>\n\t\t\t\t\t\t\t\t\t\t\t\t<h4 class=\"qodef-e-title\">El nacimiento de los relojes Ren\u00e9 Mouris<\/h4>\n\t\t\t\t\t\t\t\t\t\t\t\t\t<div class=\"qodef-e-text\"><p>Inspirada en los dibujos originales, se lanza oficialmente la marca Ren\u00e9 Mouris, que ofrece una gama de relojes de dise\u00f1o cl\u00e1sico y estilo lujoso con movimientos precisos, llevando los primeros dise\u00f1os del Sr. Mouris a las mu\u00f1ecas de los amantes de los relojes modernos.<\/p><\/div>\n\t\t\t\t\t\t\t\t\t\t\t<\/div>\n\t\t\t\t<\/div>\n\t\t\t\t\t\t\t<div class=\"qodef-e-workflow-item\">\n\t\t\t\t\t<div class=\"qodef-e-workflow-text\">\n\t\t\t\t\t\t\t\t\t\t\t\t\t<div class=\"qodef-e-subtitle\">\n\t\t\t\t\t\t\t\tEn la actualidad\t\t\t\t\t\t\t\t<div class=\"qodef-e-subtitle-separator\"><\/div>\n\t\t\t\t\t\t\t<\/div>\n\t\t\t\t\t\t\t\t\t\t\t\t<h4 class=\"qodef-e-title\">Una marca global con alma francesa<\/h4>\n\t\t\t\t\t\t\t\t\t\t\t\t\t<div class=\"qodef-e-text\"><p>Con sede en Par\u00eds y con presencia en Portugal, Dub\u00e1i y Hong Kong, Ren\u00e9 Mouris ofrece una amplia variedad de relojes de vestir y deportivos para hombre y mujer. Cada colecci\u00f3n se inspira en los conceptos originales del Sr. Mouris, con influencias hist\u00f3ricas, rom\u00e1nticas, de viajes y de aventura. Los relojes cuentan con materiales de primera calidad, un dise\u00f1o distintivo y una garant\u00eda limitada de 2 a\u00f1os, todo a precios asequibles.  <\/p><\/div>\n\t\t\t\t\t\t\t\t\t\t\t<\/div>\n\t\t\t\t<\/div>\n\t\t\t\t\t<\/div>\n\t<\/div>\n\t\t\t\t<\/div>\n\t\t\t\t<\/div>\n\t\t\t\t<\/div>\n\t\t\t\t<\/div>\n\t\t\t\t<\/div>\n\t\t","protected":false},"excerpt":{"rendered":"<p>1960 Los cimientos de un sue\u00f1o El Sr. Ren\u00e9 Javier Mouris se forma en las prestigiosas escuelas de relojer\u00eda suizas durante un per\u00edodo revolucionario en la horolog\u00eda, adquiriendo un profundo conocimiento en el cronometraje mec\u00e1nico en medio de una oleada de innovaci\u00f3n y experimentaci\u00f3n. 1975 Los primeros bocetos El Sr. Mouris comienza a esbozar dise\u00f1os [&hellip;]<\/p>\n","protected":false},"author":2,"featured_media":0,"parent":0,"menu_order":0,"comment_status":"closed","ping_status":"closed","template":"page-full-width.php","meta":{"footnotes":""},"class_list":["post-113963","page","type-page","status-publish","hentry"],"yoast_head":"<!-- This site is optimized with the Yoast SEO plugin v27.3 - https:\/\/yoast.com\/product\/yoast-seo-wordpress\/ -->\n<title>Nuestra historia - Rene Mouris<\/title>\n<meta name=\"robots\" content=\"index, follow, max-snippet:-1, max-image-preview:large, max-video-preview:-1\" \/>\n<link rel=\"canonical\" href=\"https:\/\/renemouris.fr\/our-story\/\" \/>\n<meta property=\"og:locale\" content=\"es_ES\" \/>\n<meta property=\"og:type\" content=\"article\" \/>\n<meta property=\"og:title\" content=\"Nuestra historia - Rene Mouris\" \/>\n<meta property=\"og:description\" content=\"1960 Los cimientos de un sue\u00f1o El Sr. Ren\u00e9 Javier Mouris se forma en las prestigiosas escuelas de relojer\u00eda suizas durante un per\u00edodo revolucionario en la horolog\u00eda, adquiriendo un profundo conocimiento en el cronometraje mec\u00e1nico en medio de una oleada de innovaci\u00f3n y experimentaci\u00f3n. 1975 Los primeros bocetos El Sr. Mouris comienza a esbozar dise\u00f1os [&hellip;]\" \/>\n<meta property=\"og:url\" content=\"https:\/\/renemouris.fr\/our-story\/\" \/>\n<meta property=\"og:site_name\" content=\"Rene Mouris\" \/>\n<meta property=\"article:publisher\" content=\"https:\/\/www.facebook.com\/renemouris.official\" \/>\n<meta property=\"article:modified_time\" content=\"2025-07-18T08:44:11+00:00\" \/>\n<meta property=\"og:image\" content=\"https:\/\/renemouris.fr\/wp-content\/uploads\/2025\/07\/Our-Story-image.jpg\" \/>\n<meta name=\"twitter:card\" content=\"summary_large_image\" \/>\n<meta name=\"twitter:site\" content=\"@renemouris\" \/>\n<meta name=\"twitter:label1\" content=\"Tiempo de lectura\" \/>\n\t<meta name=\"twitter:data1\" content=\"1 minuto\" \/>\n<script type=\"application\/ld+json\" class=\"yoast-schema-graph\">{\"@context\":\"https:\\\/\\\/schema.org\",\"@graph\":[{\"@type\":\"WebPage\",\"@id\":\"https:\\\/\\\/renemouris.fr\\\/our-story\\\/\",\"url\":\"https:\\\/\\\/renemouris.fr\\\/our-story\\\/\",\"name\":\"Nuestra historia - Rene Mouris\",\"isPartOf\":{\"@id\":\"https:\\\/\\\/renemouris.fr\\\/#website\"},\"primaryImageOfPage\":{\"@id\":\"https:\\\/\\\/renemouris.fr\\\/our-story\\\/#primaryimage\"},\"image\":{\"@id\":\"https:\\\/\\\/renemouris.fr\\\/our-story\\\/#primaryimage\"},\"thumbnailUrl\":\"https:\\\/\\\/renemouris.fr\\\/wp-content\\\/uploads\\\/2025\\\/07\\\/Our-Story-image.jpg\",\"datePublished\":\"2024-08-07T08:02:40+00:00\",\"dateModified\":\"2025-07-18T08:44:11+00:00\",\"breadcrumb\":{\"@id\":\"https:\\\/\\\/renemouris.fr\\\/our-story\\\/#breadcrumb\"},\"inLanguage\":\"es\",\"potentialAction\":[{\"@type\":\"ReadAction\",\"target\":[\"https:\\\/\\\/renemouris.fr\\\/our-story\\\/\"]}]},{\"@type\":\"ImageObject\",\"inLanguage\":\"es\",\"@id\":\"https:\\\/\\\/renemouris.fr\\\/our-story\\\/#primaryimage\",\"url\":\"https:\\\/\\\/renemouris.fr\\\/wp-content\\\/uploads\\\/2025\\\/07\\\/Our-Story-image.jpg\",\"contentUrl\":\"https:\\\/\\\/renemouris.fr\\\/wp-content\\\/uploads\\\/2025\\\/07\\\/Our-Story-image.jpg\"},{\"@type\":\"BreadcrumbList\",\"@id\":\"https:\\\/\\\/renemouris.fr\\\/our-story\\\/#breadcrumb\",\"itemListElement\":[{\"@type\":\"ListItem\",\"position\":1,\"name\":\"Home\",\"item\":\"https:\\\/\\\/renemouris.fr\\\/\"},{\"@type\":\"ListItem\",\"position\":2,\"name\":\"Nuestra historia\"}]},{\"@type\":\"WebSite\",\"@id\":\"https:\\\/\\\/renemouris.fr\\\/#website\",\"url\":\"https:\\\/\\\/renemouris.fr\\\/\",\"name\":\"Luxuy Watches for Men | Renemouris Watches\",\"description\":\"\",\"publisher\":{\"@id\":\"https:\\\/\\\/renemouris.fr\\\/#organization\"},\"alternateName\":\"Renemouris Watches\",\"potentialAction\":[{\"@type\":\"SearchAction\",\"target\":{\"@type\":\"EntryPoint\",\"urlTemplate\":\"https:\\\/\\\/renemouris.fr\\\/?s={search_term_string}\"},\"query-input\":{\"@type\":\"PropertyValueSpecification\",\"valueRequired\":true,\"valueName\":\"search_term_string\"}}],\"inLanguage\":\"es\"},{\"@type\":\"Organization\",\"@id\":\"https:\\\/\\\/renemouris.fr\\\/#organization\",\"name\":\"RENE MOURIS\",\"url\":\"https:\\\/\\\/renemouris.fr\\\/\",\"logo\":{\"@type\":\"ImageObject\",\"inLanguage\":\"es\",\"@id\":\"https:\\\/\\\/renemouris.fr\\\/#\\\/schema\\\/logo\\\/image\\\/\",\"url\":null,\"contentUrl\":null,\"width\":null,\"height\":null,\"caption\":\"RENE MOURIS\"},\"image\":{\"@id\":\"https:\\\/\\\/renemouris.fr\\\/#\\\/schema\\\/logo\\\/image\\\/\"},\"sameAs\":[\"https:\\\/\\\/www.facebook.com\\\/renemouris.official\",\"https:\\\/\\\/x.com\\\/renemouris\",\"https:\\\/\\\/www.instagram.com\\\/renemourisofficial\",\"https:\\\/\\\/www.pinterest.fr\\\/renemouris\\\/\",\"https:\\\/\\\/www.youtube.com\\\/user\\\/renemouris\"]}]}<\/script>\n<!-- \/ Yoast SEO plugin. -->","yoast_head_json":{"title":"Nuestra historia - Rene Mouris","robots":{"index":"index","follow":"follow","max-snippet":"max-snippet:-1","max-image-preview":"max-image-preview:large","max-video-preview":"max-video-preview:-1"},"canonical":"https:\/\/renemouris.fr\/our-story\/","og_locale":"es_ES","og_type":"article","og_title":"Nuestra historia - Rene Mouris","og_description":"1960 Los cimientos de un sue\u00f1o El Sr. Ren\u00e9 Javier Mouris se forma en las prestigiosas escuelas de relojer\u00eda suizas durante un per\u00edodo revolucionario en la horolog\u00eda, adquiriendo un profundo conocimiento en el cronometraje mec\u00e1nico en medio de una oleada de innovaci\u00f3n y experimentaci\u00f3n. 1975 Los primeros bocetos El Sr. Mouris comienza a esbozar dise\u00f1os [&hellip;]","og_url":"https:\/\/renemouris.fr\/our-story\/","og_site_name":"Rene Mouris","article_publisher":"https:\/\/www.facebook.com\/renemouris.official","article_modified_time":"2025-07-18T08:44:11+00:00","og_image":[{"url":"https:\/\/renemouris.fr\/wp-content\/uploads\/2025\/07\/Our-Story-image.jpg","type":"","width":"","height":""}],"twitter_card":"summary_large_image","twitter_site":"@renemouris","twitter_misc":{"Tiempo de lectura":"1 minuto"},"schema":{"@context":"https:\/\/schema.org","@graph":[{"@type":"WebPage","@id":"https:\/\/renemouris.fr\/our-story\/","url":"https:\/\/renemouris.fr\/our-story\/","name":"Nuestra historia - Rene Mouris","isPartOf":{"@id":"https:\/\/renemouris.fr\/#website"},"primaryImageOfPage":{"@id":"https:\/\/renemouris.fr\/our-story\/#primaryimage"},"image":{"@id":"https:\/\/renemouris.fr\/our-story\/#primaryimage"},"thumbnailUrl":"https:\/\/renemouris.fr\/wp-content\/uploads\/2025\/07\/Our-Story-image.jpg","datePublished":"2024-08-07T08:02:40+00:00","dateModified":"2025-07-18T08:44:11+00:00","breadcrumb":{"@id":"https:\/\/renemouris.fr\/our-story\/#breadcrumb"},"inLanguage":"es","potentialAction":[{"@type":"ReadAction","target":["https:\/\/renemouris.fr\/our-story\/"]}]},{"@type":"ImageObject","inLanguage":"es","@id":"https:\/\/renemouris.fr\/our-story\/#primaryimage","url":"https:\/\/renemouris.fr\/wp-content\/uploads\/2025\/07\/Our-Story-image.jpg","contentUrl":"https:\/\/renemouris.fr\/wp-content\/uploads\/2025\/07\/Our-Story-image.jpg"},{"@type":"BreadcrumbList","@id":"https:\/\/renemouris.fr\/our-story\/#breadcrumb","itemListElement":[{"@type":"ListItem","position":1,"name":"Home","item":"https:\/\/renemouris.fr\/"},{"@type":"ListItem","position":2,"name":"Nuestra historia"}]},{"@type":"WebSite","@id":"https:\/\/renemouris.fr\/#website","url":"https:\/\/renemouris.fr\/","name":"Luxuy Watches for Men | Renemouris Watches","description":"","publisher":{"@id":"https:\/\/renemouris.fr\/#organization"},"alternateName":"Renemouris Watches","potentialAction":[{"@type":"SearchAction","target":{"@type":"EntryPoint","urlTemplate":"https:\/\/renemouris.fr\/?s={search_term_string}"},"query-input":{"@type":"PropertyValueSpecification","valueRequired":true,"valueName":"search_term_string"}}],"inLanguage":"es"},{"@type":"Organization","@id":"https:\/\/renemouris.fr\/#organization","name":"RENE MOURIS","url":"https:\/\/renemouris.fr\/","logo":{"@type":"ImageObject","inLanguage":"es","@id":"https:\/\/renemouris.fr\/#\/schema\/logo\/image\/","url":null,"contentUrl":null,"width":null,"height":null,"caption":"RENE MOURIS"},"image":{"@id":"https:\/\/renemouris.fr\/#\/schema\/logo\/image\/"},"sameAs":["https:\/\/www.facebook.com\/renemouris.official","https:\/\/x.com\/renemouris","https:\/\/www.instagram.com\/renemourisofficial","https:\/\/www.pinterest.fr\/renemouris\/","https:\/\/www.youtube.com\/user\/renemouris"]}]}},"_links":{"self":[{"href":"https:\/\/renemouris.fr\/es\/wp-json\/wp\/v2\/pages\/113963","targetHints":{"allow":["GET"]}}],"collection":[{"href":"https:\/\/renemouris.fr\/es\/wp-json\/wp\/v2\/pages"}],"about":[{"href":"https:\/\/renemouris.fr\/es\/wp-json\/wp\/v2\/types\/page"}],"author":[{"embeddable":true,"href":"https:\/\/renemouris.fr\/es\/wp-json\/wp\/v2\/users\/2"}],"replies":[{"embeddable":true,"href":"https:\/\/renemouris.fr\/es\/wp-json\/wp\/v2\/comments?post=113963"}],"version-history":[{"count":10,"href":"https:\/\/renemouris.fr\/es\/wp-json\/wp\/v2\/pages\/113963\/revisions"}],"predecessor-version":[{"id":122260,"href":"https:\/\/renemouris.fr\/es\/wp-json\/wp\/v2\/pages\/113963\/revisions\/122260"}],"wp:attachment":[{"href":"https:\/\/renemouris.fr\/es\/wp-json\/wp\/v2\/media?parent=113963"}],"curies":[{"name":"wp","href":"https:\/\/api.w.org\/{rel}","templated":true}]}}