{"id":114040,"date":"2025-05-02T13:28:51","date_gmt":"2025-05-02T13:28:51","guid":{"rendered":"http:\/\/localhost\/rene-live\/politica-de-recompensas\/"},"modified":"2025-11-10T13:01:15","modified_gmt":"2025-11-10T13:01:15","slug":"politica-de-recompensas","status":"publish","type":"page","link":"https:\/\/renemouris.fr\/es\/politica-de-recompensas\/","title":{"rendered":"Pol\u00edtica de recompensas"},"content":{"rendered":"\t\t<div data-elementor-type=\"wp-page\" data-elementor-id=\"114040\" class=\"elementor elementor-114040 elementor-9559\">\n\t\t\t\t<div class=\"elementor-element elementor-element-95b69a4 e-con-full qodef-elementor-content-grid e-flex e-con e-parent\" data-id=\"95b69a4\" data-element_type=\"container\" data-e-type=\"container\">\n\t\t<div class=\"elementor-element elementor-element-46141fc e-con-full e-flex e-con e-child\" data-id=\"46141fc\" data-element_type=\"container\" data-e-type=\"container\">\n\t\t\t\t<div class=\"elementor-element elementor-element-1c39099 elementor-widget elementor-widget-wp-widget-custom_html\" data-id=\"1c39099\" data-element_type=\"widget\" data-e-type=\"widget\" data-widget_type=\"wp-widget-custom_html.default\">\n\t\t\t\t<div class=\"elementor-widget-container\">\n\t\t\t\t\t<div class=\"textwidget custom-html-widget\"><h6>\u00bfNecesitas ayuda o quieres chatear?<\/h6>\r\n<p style=\"margin-bottom: 18px;margin-top: -10px\"><\/p>\r\n<p style=\"margin-bottom: 15px\"><a href=\"mailto:info@renemouris.fr\">info@renemouris.fr<\/a><\/p>\r\n<p><a href=\"tel:33175004002\">+33 (1) 75 00 40 02<\/a><\/p><\/div>\t\t\t\t<\/div>\n\t\t\t\t<\/div>\n\t\t\t\t<div class=\"elementor-element elementor-element-780b0e4 elementor-widget elementor-widget-sidebar\" data-id=\"780b0e4\" data-element_type=\"widget\" data-e-type=\"widget\" data-widget_type=\"sidebar.default\">\n\t\t\t\t<div class=\"elementor-widget-container\">\n\t\t\t\t\t<div class=\"widget widget_precisionandcraft_core_title_widget\" data-area=\"privacy-policy\">\t\t\t\t\t\t\t<h6 class=\"qodef-widget-title\" >\n\t\t\t\tACERCA DE\t\t\t\t<\/h6>\n\t\t\t\t\t\t<\/div><div class=\"widget widget_nav_menu\" data-area=\"privacy-policy\"><div class=\"menu-privacy-policy-container\"><ul id=\"menu-privacy-policy\" class=\"menu\"><li id=\"menu-item-108833\" class=\"menu-item menu-item-type-post_type menu-item-object-page menu-item-108833\"><a href=\"https:\/\/renemouris.fr\/en\/frequently-asked-questions\/\"><span class=\"qodef-menu-item-text-inner\">Preguntas frecuentes<\/span><\/a><\/li>\n<li id=\"menu-item-108836\" class=\"menu-item menu-item-type-post_type menu-item-object-page menu-item-108836\"><a href=\"https:\/\/renemouris.fr\/en\/term-of-use\/\"><span class=\"qodef-menu-item-text-inner\">T\u00e9rmino de uso<\/span><\/a><\/li>\n<li id=\"menu-item-108837\" class=\"menu-item menu-item-type-post_type menu-item-object-page menu-item-108837\"><a href=\"https:\/\/renemouris.fr\/en\/privacy-policy\/\"><span class=\"qodef-menu-item-text-inner\">pol\u00edtica de privacidad<\/span><\/a><\/li>\n<li id=\"menu-item-108834\" class=\"menu-item menu-item-type-post_type menu-item-object-page menu-item-108834\"><a href=\"https:\/\/renemouris.fr\/en\/return-exchange-policy\/\"><span class=\"qodef-menu-item-text-inner\">Devoluciones y cambios<\/span><\/a><\/li>\n<li id=\"menu-item-108835\" class=\"menu-item menu-item-type-post_type menu-item-object-page menu-item-108835\"><a href=\"https:\/\/renemouris.fr\/en\/reward-policy\/\"><span class=\"qodef-menu-item-text-inner\">Pol\u00edtica de recompensas<\/span><\/a><\/li>\n<li id=\"menu-item-108839\" class=\"menu-item menu-item-type-post_type menu-item-object-page menu-item-108839\"><a href=\"https:\/\/renemouris.fr\/en\/warranty\/\"><span class=\"qodef-menu-item-text-inner\">Garant\u00eda<\/span><\/a><\/li>\n<\/ul><\/div><\/div>\t\t\t\t<\/div>\n\t\t\t\t<\/div>\n\t\t\t\t<\/div>\n\t\t<div class=\"elementor-element elementor-element-883ab3d e-flex e-con-boxed e-con e-child\" data-id=\"883ab3d\" data-element_type=\"container\" data-e-type=\"container\">\n\t\t\t\t\t<div class=\"e-con-inner\">\n\t\t\t\t<div class=\"elementor-element elementor-element-4c71097 article-pages-heading elementor-widget elementor-widget-precisionandcraft_core_section_title\" data-id=\"4c71097\" data-element_type=\"widget\" data-e-type=\"widget\" data-widget_type=\"precisionandcraft_core_section_title.default\">\n\t\t\t\t<div class=\"elementor-widget-container\">\n\t\t\t\t\t<div class=\"qodef-shortcode qodef-m  qodef-section-title qodef-alignment--left \">\n\t\t<h2 class=\"qodef-m-title\" >\n\t\t\t\t\tPol\u00edtica de recompensas\t\t\t<\/h2>\n\t\t<\/div>\n\t\t\t\t<\/div>\n\t\t\t\t<\/div>\n\t\t\t\t<div class=\"elementor-element elementor-element-b9c116f article-pages-text elementor-widget elementor-widget-text-editor\" data-id=\"b9c116f\" data-element_type=\"widget\" data-e-type=\"widget\" data-widget_type=\"text-editor.default\">\n\t\t\t\t<div class=\"elementor-widget-container\">\n\t\t\t\t\t\t\t\t\t<p align=\"center\">El Programa de Puntos de Recompensa te permite ganar puntos por ciertas acciones que realices en nuestro sitio. Los puntos se otorgan seg\u00fan tus compras y acciones como enviar una invitaci\u00f3n a tus amigos o compartir tu compra en Facebook. <\/p><h5>Beneficios de los puntos de recompensa para los clientes registrados<\/h5><p>Una vez registrado, podr\u00e1 ganar y acumular puntos de recompensa, que podr\u00e1 canjear al momento de la compra por el costo de su pedido. Las recompensas son un beneficio adicional para su experiencia de compra en el sitio y son solo una de las maneras en que le agradecemos su fidelidad. <\/p><h5>Ganar puntos de recompensa<\/h5><p>Puedes ganar Puntos de Recompensa participando en el sitio de diferentes maneras. A\u00f1adiremos nuevas formas de ganar puntos y comunicaremos las actualizaciones del programa a trav\u00e9s de nuestro sitio web, redes sociales o un bolet\u00edn informativo. <\/p><p>Actualmente se pueden obtener recompensas por las siguientes acciones:<\/p><p>\u00b7 Realizar compras: cada vez que realizas una compra ganas 1 punto por cada $1.00 gastado en compras de productos (impuestos y env\u00edo excluidos).<\/p><p>\u00b7 Registr\u00e1ndose en el sitio \u2014 Gane 300 puntos.<\/p><p>\u00b7 Suscribirse a un bolet\u00edn informativo por primera vez: gane 100 puntos.<\/p><p>\u00b7 Conversi\u00f3n de invitaciones en pedidos: gane 500 puntos por cada invitaci\u00f3n que env\u00ede que resulte en una venta.<\/p><p>\u00b7 Convertir invitaciones en pedidos: gana 100 puntos por la primera compra a trav\u00e9s de una invitaci\u00f3n de tu amigo.<\/p><h5>Canje de puntos de recompensa<\/h5><p>Puedes canjear tus puntos de recompensa al finalizar la compra para tu nueva compra. Si has acumulado suficientes puntos para canjearlos, podr\u00e1s usarlos como m\u00e9todo de pago. La opci\u00f3n de usar puntos de recompensa, as\u00ed como tu saldo y su equivalente monetario, se mostrar\u00e1 en la secci\u00f3n \u00abM\u00e9todo de pago\u00bb de la caja. Los puntos de recompensa canjeables se pueden usar junto con otros m\u00e9todos de pago, como tarjetas de cr\u00e9dito, etc.   <\/p><p>100 puntos equivalen a $1.00. Podr\u00e1s usar tus puntos de recompensa en tu compra al finalizar la compra. <\/p><p>Nota: Para gastar tus puntos, debes estar en la p\u00e1gina completa del carrito de compras. Puedes acceder a ella haciendo clic en \u00abEditar carrito\u00bb en el minicarrito desplegable o en \u00abEditar tu carrito\u00bb si ya has avanzado en la compra. Una vez en la p\u00e1gina del carrito, encontrar\u00e1s un men\u00fa desplegable a la derecha, bajo el t\u00edtulo \u00abResumen del carrito\u00bb (en la versi\u00f3n de escritorio) o debajo de los productos (en la versi\u00f3n m\u00f3vil). Haz clic en \u00abGastar tus puntos\u00bb para ver cu\u00e1ntos puntos has ganado y usar los que quieres gastar en tu pedido actual. Si necesitas ayuda, mira el v\u00eddeo \u00abV\u00eddeo tutorial\u00bb.   <\/p><h5>Puntos de recompensa m\u00ednimos y m\u00e1ximos<\/h5><p>Los puntos de recompensa pueden tener un l\u00edmite m\u00ednimo para canjearlos. Si selecciona esta opci\u00f3n, no podr\u00e1 usar sus puntos de recompensa hasta que acumule un m\u00ednimo de puntos, momento en el cual estar\u00e1n disponibles para canjearlos. <\/p><p>Los puntos de recompensa tambi\u00e9n pueden tener un l\u00edmite al valor m\u00e1ximo de puntos que se pueden acumular. Si selecciona esta opci\u00f3n, deber\u00e1 canjear los puntos acumulados para poder ganar m\u00e1s. <\/p><h5>Administrar mis puntos de recompensa<\/h5><p>Puede ver y administrar sus puntos a trav\u00e9s de su Cuenta de Cliente. Desde su cuenta, podr\u00e1 ver el total de puntos (y su equivalente en moneda), el m\u00ednimo necesario para canjear, si ha alcanzado el l\u00edmite m\u00e1ximo de puntos y un historial acumulado de puntos adquiridos, canjeados y perdidos. El historial conservar\u00e1 y mostrar\u00e1 las tasas y la moneda hist\u00f3ricas con fines informativos. Tambi\u00e9n le mostrar\u00e1 informaci\u00f3n completa sobre los puntos, incluyendo notificaciones de vencimiento.   <\/p><h5>Vencimiento de los puntos de recompensa<\/h5><p>Los puntos de recompensa pueden caducar. Caducan al a\u00f1o de su obtenci\u00f3n. <\/p><p>Nota: Puedes registrarte para recibir notificaciones por correo electr\u00f3nico cada vez que tu saldo cambie al ganar, canjear o perder puntos, as\u00ed como notificaciones de vencimiento de puntos. Esta opci\u00f3n se encuentra en la secci\u00f3n \u00abPuntos de Recompensa\u00bb de Mi Cuenta. <\/p><h5>Pautas<\/h5><p>Para ganar puntos de recompensa, debe iniciar sesi\u00f3n en su cuenta. Al finalizar la compra, ver\u00e1 un aviso que le informa que no ha iniciado sesi\u00f3n. En ese momento, podr\u00e1 iniciar sesi\u00f3n en su cuenta.  <\/p><p>\u00b7 Los puntos de recompensa expirar\u00e1n un a\u00f1o despu\u00e9s de obtenerlos.<\/p><p>Los puntos de recompensa se depositan una vez enviado el pedido. Si cancela su pedido, se eliminar\u00e1n. <\/p><p>\u00b7 Los puntos de recompensa se aplican despu\u00e9s de los cupones y otros descuentos promocionales.<\/p><p>\u00b7 Se perder\u00e1n los puntos de recompensa o se suspender\u00e1 la cuenta si se abusa del programa.<\/p><p>Si tiene alguna consulta relacionada con Recompensas, \u00a1no dude en contactarnos!<\/p>\t\t\t\t\t\t\t\t<\/div>\n\t\t\t\t<\/div>\n\t\t\t\t\t<\/div>\n\t\t\t\t<\/div>\n\t\t\t\t<\/div>\n\t\t\t\t<\/div>\n\t\t","protected":false},"excerpt":{"rendered":"<p>Pol\u00edtica de recompensas El Programa de Puntos de Recompensa te permite ganar puntos por ciertas acciones que realices en nuestro sitio. Los puntos se otorgan seg\u00fan tus compras y acciones como enviar una invitaci\u00f3n a tus amigos o compartir tu compra en Facebook. Beneficios de los puntos de recompensa para los clientes registrados Una vez [&hellip;]<\/p>\n","protected":false},"author":2,"featured_media":0,"parent":0,"menu_order":0,"comment_status":"closed","ping_status":"closed","template":"","meta":{"footnotes":""},"class_list":["post-114040","page","type-page","status-publish","hentry"],"yoast_head":"<!-- This site is optimized with the Yoast SEO plugin v27.3 - https:\/\/yoast.com\/product\/yoast-seo-wordpress\/ -->\n<title>Pol\u00edtica de recompensas - Rene Mouris<\/title>\n<meta name=\"robots\" content=\"index, follow, max-snippet:-1, max-image-preview:large, max-video-preview:-1\" \/>\n<link rel=\"canonical\" href=\"https:\/\/renemouris.fr\/en\/reward-policy\/\" \/>\n<meta property=\"og:locale\" content=\"es_ES\" \/>\n<meta property=\"og:type\" content=\"article\" \/>\n<meta property=\"og:title\" content=\"Pol\u00edtica de recompensas - Rene Mouris\" \/>\n<meta property=\"og:description\" content=\"Pol\u00edtica de recompensas El Programa de Puntos de Recompensa te permite ganar puntos por ciertas acciones que realices en nuestro sitio. Los puntos se otorgan seg\u00fan tus compras y acciones como enviar una invitaci\u00f3n a tus amigos o compartir tu compra en Facebook. Beneficios de los puntos de recompensa para los clientes registrados Una vez [&hellip;]\" \/>\n<meta property=\"og:url\" content=\"https:\/\/renemouris.fr\/en\/reward-policy\/\" \/>\n<meta property=\"og:site_name\" content=\"Rene Mouris\" \/>\n<meta property=\"article:publisher\" content=\"https:\/\/www.facebook.com\/renemouris.official\" \/>\n<meta property=\"article:modified_time\" content=\"2025-11-10T13:01:15+00:00\" \/>\n<meta name=\"twitter:card\" content=\"summary_large_image\" \/>\n<meta name=\"twitter:site\" content=\"@renemouris\" \/>\n<meta name=\"twitter:label1\" content=\"Tiempo de lectura\" \/>\n\t<meta name=\"twitter:data1\" content=\"4 minutos\" \/>\n<script type=\"application\/ld+json\" class=\"yoast-schema-graph\">{\"@context\":\"https:\\\/\\\/schema.org\",\"@graph\":[{\"@type\":\"WebPage\",\"@id\":\"https:\\\/\\\/renemouris.fr\\\/en\\\/reward-policy\\\/\",\"url\":\"https:\\\/\\\/renemouris.fr\\\/en\\\/reward-policy\\\/\",\"name\":\"Pol\u00edtica de recompensas - Rene Mouris\",\"isPartOf\":{\"@id\":\"https:\\\/\\\/renemouris.fr\\\/#website\"},\"datePublished\":\"2025-05-02T13:28:51+00:00\",\"dateModified\":\"2025-11-10T13:01:15+00:00\",\"breadcrumb\":{\"@id\":\"https:\\\/\\\/renemouris.fr\\\/en\\\/reward-policy\\\/#breadcrumb\"},\"inLanguage\":\"es\",\"potentialAction\":[{\"@type\":\"ReadAction\",\"target\":[\"https:\\\/\\\/renemouris.fr\\\/en\\\/reward-policy\\\/\"]}]},{\"@type\":\"BreadcrumbList\",\"@id\":\"https:\\\/\\\/renemouris.fr\\\/en\\\/reward-policy\\\/#breadcrumb\",\"itemListElement\":[{\"@type\":\"ListItem\",\"position\":1,\"name\":\"Home\",\"item\":\"https:\\\/\\\/renemouris.fr\\\/\"},{\"@type\":\"ListItem\",\"position\":2,\"name\":\"Pol\u00edtica de recompensas\"}]},{\"@type\":\"WebSite\",\"@id\":\"https:\\\/\\\/renemouris.fr\\\/#website\",\"url\":\"https:\\\/\\\/renemouris.fr\\\/\",\"name\":\"Luxuy Watches for Men | Renemouris Watches\",\"description\":\"\",\"publisher\":{\"@id\":\"https:\\\/\\\/renemouris.fr\\\/#organization\"},\"alternateName\":\"Renemouris Watches\",\"potentialAction\":[{\"@type\":\"SearchAction\",\"target\":{\"@type\":\"EntryPoint\",\"urlTemplate\":\"https:\\\/\\\/renemouris.fr\\\/?s={search_term_string}\"},\"query-input\":{\"@type\":\"PropertyValueSpecification\",\"valueRequired\":true,\"valueName\":\"search_term_string\"}}],\"inLanguage\":\"es\"},{\"@type\":\"Organization\",\"@id\":\"https:\\\/\\\/renemouris.fr\\\/#organization\",\"name\":\"RENE MOURIS\",\"url\":\"https:\\\/\\\/renemouris.fr\\\/\",\"logo\":{\"@type\":\"ImageObject\",\"inLanguage\":\"es\",\"@id\":\"https:\\\/\\\/renemouris.fr\\\/#\\\/schema\\\/logo\\\/image\\\/\",\"url\":null,\"contentUrl\":null,\"width\":null,\"height\":null,\"caption\":\"RENE MOURIS\"},\"image\":{\"@id\":\"https:\\\/\\\/renemouris.fr\\\/#\\\/schema\\\/logo\\\/image\\\/\"},\"sameAs\":[\"https:\\\/\\\/www.facebook.com\\\/renemouris.official\",\"https:\\\/\\\/x.com\\\/renemouris\",\"https:\\\/\\\/www.instagram.com\\\/renemourisofficial\",\"https:\\\/\\\/www.pinterest.fr\\\/renemouris\\\/\",\"https:\\\/\\\/www.youtube.com\\\/user\\\/renemouris\"]}]}<\/script>\n<!-- \/ Yoast SEO plugin. -->","yoast_head_json":{"title":"Pol\u00edtica de recompensas - Rene Mouris","robots":{"index":"index","follow":"follow","max-snippet":"max-snippet:-1","max-image-preview":"max-image-preview:large","max-video-preview":"max-video-preview:-1"},"canonical":"https:\/\/renemouris.fr\/en\/reward-policy\/","og_locale":"es_ES","og_type":"article","og_title":"Pol\u00edtica de recompensas - Rene Mouris","og_description":"Pol\u00edtica de recompensas El Programa de Puntos de Recompensa te permite ganar puntos por ciertas acciones que realices en nuestro sitio. Los puntos se otorgan seg\u00fan tus compras y acciones como enviar una invitaci\u00f3n a tus amigos o compartir tu compra en Facebook. Beneficios de los puntos de recompensa para los clientes registrados Una vez [&hellip;]","og_url":"https:\/\/renemouris.fr\/en\/reward-policy\/","og_site_name":"Rene Mouris","article_publisher":"https:\/\/www.facebook.com\/renemouris.official","article_modified_time":"2025-11-10T13:01:15+00:00","twitter_card":"summary_large_image","twitter_site":"@renemouris","twitter_misc":{"Tiempo de lectura":"4 minutos"},"schema":{"@context":"https:\/\/schema.org","@graph":[{"@type":"WebPage","@id":"https:\/\/renemouris.fr\/en\/reward-policy\/","url":"https:\/\/renemouris.fr\/en\/reward-policy\/","name":"Pol\u00edtica de recompensas - Rene Mouris","isPartOf":{"@id":"https:\/\/renemouris.fr\/#website"},"datePublished":"2025-05-02T13:28:51+00:00","dateModified":"2025-11-10T13:01:15+00:00","breadcrumb":{"@id":"https:\/\/renemouris.fr\/en\/reward-policy\/#breadcrumb"},"inLanguage":"es","potentialAction":[{"@type":"ReadAction","target":["https:\/\/renemouris.fr\/en\/reward-policy\/"]}]},{"@type":"BreadcrumbList","@id":"https:\/\/renemouris.fr\/en\/reward-policy\/#breadcrumb","itemListElement":[{"@type":"ListItem","position":1,"name":"Home","item":"https:\/\/renemouris.fr\/"},{"@type":"ListItem","position":2,"name":"Pol\u00edtica de recompensas"}]},{"@type":"WebSite","@id":"https:\/\/renemouris.fr\/#website","url":"https:\/\/renemouris.fr\/","name":"Luxuy Watches for Men | Renemouris Watches","description":"","publisher":{"@id":"https:\/\/renemouris.fr\/#organization"},"alternateName":"Renemouris Watches","potentialAction":[{"@type":"SearchAction","target":{"@type":"EntryPoint","urlTemplate":"https:\/\/renemouris.fr\/?s={search_term_string}"},"query-input":{"@type":"PropertyValueSpecification","valueRequired":true,"valueName":"search_term_string"}}],"inLanguage":"es"},{"@type":"Organization","@id":"https:\/\/renemouris.fr\/#organization","name":"RENE MOURIS","url":"https:\/\/renemouris.fr\/","logo":{"@type":"ImageObject","inLanguage":"es","@id":"https:\/\/renemouris.fr\/#\/schema\/logo\/image\/","url":null,"contentUrl":null,"width":null,"height":null,"caption":"RENE MOURIS"},"image":{"@id":"https:\/\/renemouris.fr\/#\/schema\/logo\/image\/"},"sameAs":["https:\/\/www.facebook.com\/renemouris.official","https:\/\/x.com\/renemouris","https:\/\/www.instagram.com\/renemourisofficial","https:\/\/www.pinterest.fr\/renemouris\/","https:\/\/www.youtube.com\/user\/renemouris"]}]}},"_links":{"self":[{"href":"https:\/\/renemouris.fr\/es\/wp-json\/wp\/v2\/pages\/114040","targetHints":{"allow":["GET"]}}],"collection":[{"href":"https:\/\/renemouris.fr\/es\/wp-json\/wp\/v2\/pages"}],"about":[{"href":"https:\/\/renemouris.fr\/es\/wp-json\/wp\/v2\/types\/page"}],"author":[{"embeddable":true,"href":"https:\/\/renemouris.fr\/es\/wp-json\/wp\/v2\/users\/2"}],"replies":[{"embeddable":true,"href":"https:\/\/renemouris.fr\/es\/wp-json\/wp\/v2\/comments?post=114040"}],"version-history":[{"count":5,"href":"https:\/\/renemouris.fr\/es\/wp-json\/wp\/v2\/pages\/114040\/revisions"}],"predecessor-version":[{"id":123790,"href":"https:\/\/renemouris.fr\/es\/wp-json\/wp\/v2\/pages\/114040\/revisions\/123790"}],"wp:attachment":[{"href":"https:\/\/renemouris.fr\/es\/wp-json\/wp\/v2\/media?parent=114040"}],"curies":[{"name":"wp","href":"https:\/\/api.w.org\/{rel}","templated":true}]}}