{"id":114163,"date":"2025-04-29T07:52:23","date_gmt":"2025-04-29T07:52:23","guid":{"rendered":"http:\/\/localhost\/rene-live\/product\/spirtual-love-wr-000302rm2\/"},"modified":"2025-08-07T08:24:17","modified_gmt":"2025-08-07T08:24:17","slug":"spirtual-love-wr-000302rm2","status":"publish","type":"product","link":"https:\/\/renemouris.fr\/es\/producto\/spirtual-love-wr-000302rm2\/","title":{"rendered":"AMOR ESPIRITUAL"},"content":{"rendered":"<p>Rene Mouris presenta con orgullo una expresi\u00f3n \u00fanica del estilo y la imaginaci\u00f3n de su creador: la colecci\u00f3n \u00abAmor Espiritual\u00bb. Este par de anillos simboliza el Amor Espiritual, con una combinaci\u00f3n de colores que realza la mu\u00f1eca con un brillo radiante. Esta deslumbrante colecci\u00f3n aporta un brillo cautivador a la mu\u00f1eca. Con su encanto cautivador, los Anillos Amor Espiritual son una verdadera celebraci\u00f3n de la impecable artesan\u00eda que se esconde tras los dise\u00f1os atemporales de Rene Mouris. Los Anillos Amor Espiritual ofrecen una verdadera permanencia, mientras que sus diversas interpretaciones permiten una expresi\u00f3n \u00fanica de sentimiento y fijan tu amor para siempre.    Los anillos de amor espiritual brindan una verdadera permanencia, mientras que diversas interpretaciones permiten una expresi\u00f3n \u00fanica de sentimiento y BLOQUEAN TU AMOR PARA SIEMPRE.<\/p>\n","protected":false},"excerpt":{"rendered":"<p>Los anillos de amor espiritual brindan una verdadera permanencia, mientras que diversas interpretaciones permiten una expresi\u00f3n \u00fanica de sentimiento y BLOQUEAN TU AMOR PARA SIEMPRE.<\/p>\n","protected":false},"featured_media":113494,"comment_status":"open","ping_status":"closed","template":"","meta":[],"product_cat":[827,908],"product_tag":[2848,2896],"class_list":{"0":"post-114163","1":"product","2":"type-product","3":"status-publish","4":"has-post-thumbnail","6":"product_cat-mujer-es","7":"product_cat-oferta-especial","8":"product_tag-accesorios","9":"product_tag-wr-000302rm2-es","11":"first","12":"instock","13":"shipping-taxable","14":"purchasable","15":"product-type-simple"},"yoast_head":"<!-- This site is optimized with the Yoast SEO plugin v27.3 - https:\/\/yoast.com\/product\/yoast-seo-wordpress\/ -->\n<title>AMOR ESPIRITUAL - Rene Mouris<\/title>\n<meta name=\"robots\" content=\"index, follow, max-snippet:-1, max-image-preview:large, max-video-preview:-1\" \/>\n<link rel=\"canonical\" href=\"https:\/\/renemouris.fr\/es\/producto\/spirtual-love-wr-000302rm2\/\" \/>\n<meta property=\"og:locale\" content=\"es_ES\" \/>\n<meta property=\"og:type\" content=\"article\" \/>\n<meta property=\"og:title\" content=\"AMOR ESPIRITUAL - Rene Mouris\" \/>\n<meta property=\"og:description\" content=\"Los anillos de amor espiritual brindan una verdadera permanencia, mientras que diversas interpretaciones permiten una expresi\u00f3n \u00fanica de sentimiento y BLOQUEAN TU AMOR PARA SIEMPRE.\" \/>\n<meta property=\"og:url\" content=\"https:\/\/renemouris.fr\/es\/producto\/spirtual-love-wr-000302rm2\/\" \/>\n<meta property=\"og:site_name\" content=\"Rene Mouris\" \/>\n<meta property=\"article:publisher\" content=\"https:\/\/www.facebook.com\/renemouris.official\" \/>\n<meta property=\"article:modified_time\" content=\"2025-08-07T08:24:17+00:00\" \/>\n<meta property=\"og:image\" content=\"https:\/\/renemouris.fr\/wp-content\/uploads\/2025\/04\/000302RM2.jpg\" \/>\n\t<meta property=\"og:image:width\" content=\"2000\" \/>\n\t<meta property=\"og:image:height\" content=\"2000\" \/>\n\t<meta property=\"og:image:type\" content=\"image\/jpeg\" \/>\n<meta name=\"twitter:card\" content=\"summary_large_image\" \/>\n<meta name=\"twitter:site\" content=\"@renemouris\" \/>\n<meta name=\"twitter:label1\" content=\"Tiempo de lectura\" \/>\n\t<meta name=\"twitter:data1\" content=\"1 minuto\" \/>\n<script type=\"application\/ld+json\" class=\"yoast-schema-graph\">{\"@context\":\"https:\\\/\\\/schema.org\",\"@graph\":[{\"@type\":\"WebPage\",\"@id\":\"https:\\\/\\\/renemouris.fr\\\/es\\\/producto\\\/spirtual-love-wr-000302rm2\\\/\",\"url\":\"https:\\\/\\\/renemouris.fr\\\/es\\\/producto\\\/spirtual-love-wr-000302rm2\\\/\",\"name\":\"AMOR ESPIRITUAL - Rene Mouris\",\"isPartOf\":{\"@id\":\"https:\\\/\\\/renemouris.fr\\\/#website\"},\"primaryImageOfPage\":{\"@id\":\"https:\\\/\\\/renemouris.fr\\\/es\\\/producto\\\/spirtual-love-wr-000302rm2\\\/#primaryimage\"},\"image\":{\"@id\":\"https:\\\/\\\/renemouris.fr\\\/es\\\/producto\\\/spirtual-love-wr-000302rm2\\\/#primaryimage\"},\"thumbnailUrl\":\"https:\\\/\\\/renemouris.fr\\\/wp-content\\\/uploads\\\/2025\\\/04\\\/000302RM2.jpg\",\"datePublished\":\"2025-04-29T07:52:23+00:00\",\"dateModified\":\"2025-08-07T08:24:17+00:00\",\"breadcrumb\":{\"@id\":\"https:\\\/\\\/renemouris.fr\\\/es\\\/producto\\\/spirtual-love-wr-000302rm2\\\/#breadcrumb\"},\"inLanguage\":\"es\",\"potentialAction\":[{\"@type\":\"ReadAction\",\"target\":[\"https:\\\/\\\/renemouris.fr\\\/es\\\/producto\\\/spirtual-love-wr-000302rm2\\\/\"]}]},{\"@type\":\"ImageObject\",\"inLanguage\":\"es\",\"@id\":\"https:\\\/\\\/renemouris.fr\\\/es\\\/producto\\\/spirtual-love-wr-000302rm2\\\/#primaryimage\",\"url\":\"https:\\\/\\\/renemouris.fr\\\/wp-content\\\/uploads\\\/2025\\\/04\\\/000302RM2.jpg\",\"contentUrl\":\"https:\\\/\\\/renemouris.fr\\\/wp-content\\\/uploads\\\/2025\\\/04\\\/000302RM2.jpg\",\"width\":2000,\"height\":2000},{\"@type\":\"BreadcrumbList\",\"@id\":\"https:\\\/\\\/renemouris.fr\\\/es\\\/producto\\\/spirtual-love-wr-000302rm2\\\/#breadcrumb\",\"itemListElement\":[{\"@type\":\"ListItem\",\"position\":1,\"name\":\"Home\",\"item\":\"https:\\\/\\\/renemouris.fr\\\/\"},{\"@type\":\"ListItem\",\"position\":2,\"name\":\"Tienda\",\"item\":\"https:\\\/\\\/renemouris.fr\\\/es\\\/tienda\\\/\"},{\"@type\":\"ListItem\",\"position\":3,\"name\":\"AMOR ESPIRITUAL\"}]},{\"@type\":\"WebSite\",\"@id\":\"https:\\\/\\\/renemouris.fr\\\/#website\",\"url\":\"https:\\\/\\\/renemouris.fr\\\/\",\"name\":\"Luxuy Watches for Men | Renemouris Watches\",\"description\":\"\",\"publisher\":{\"@id\":\"https:\\\/\\\/renemouris.fr\\\/#organization\"},\"alternateName\":\"Renemouris Watches\",\"potentialAction\":[{\"@type\":\"SearchAction\",\"target\":{\"@type\":\"EntryPoint\",\"urlTemplate\":\"https:\\\/\\\/renemouris.fr\\\/?s={search_term_string}\"},\"query-input\":{\"@type\":\"PropertyValueSpecification\",\"valueRequired\":true,\"valueName\":\"search_term_string\"}}],\"inLanguage\":\"es\"},{\"@type\":\"Organization\",\"@id\":\"https:\\\/\\\/renemouris.fr\\\/#organization\",\"name\":\"RENE MOURIS\",\"url\":\"https:\\\/\\\/renemouris.fr\\\/\",\"logo\":{\"@type\":\"ImageObject\",\"inLanguage\":\"es\",\"@id\":\"https:\\\/\\\/renemouris.fr\\\/#\\\/schema\\\/logo\\\/image\\\/\",\"url\":null,\"contentUrl\":null,\"width\":null,\"height\":null,\"caption\":\"RENE MOURIS\"},\"image\":{\"@id\":\"https:\\\/\\\/renemouris.fr\\\/#\\\/schema\\\/logo\\\/image\\\/\"},\"sameAs\":[\"https:\\\/\\\/www.facebook.com\\\/renemouris.official\",\"https:\\\/\\\/x.com\\\/renemouris\",\"https:\\\/\\\/www.instagram.com\\\/renemourisofficial\",\"https:\\\/\\\/www.pinterest.fr\\\/renemouris\\\/\",\"https:\\\/\\\/www.youtube.com\\\/user\\\/renemouris\"]}]}<\/script>\n<!-- \/ Yoast SEO plugin. -->","yoast_head_json":{"title":"AMOR ESPIRITUAL - Rene Mouris","robots":{"index":"index","follow":"follow","max-snippet":"max-snippet:-1","max-image-preview":"max-image-preview:large","max-video-preview":"max-video-preview:-1"},"canonical":"https:\/\/renemouris.fr\/es\/producto\/spirtual-love-wr-000302rm2\/","og_locale":"es_ES","og_type":"article","og_title":"AMOR ESPIRITUAL - Rene Mouris","og_description":"Los anillos de amor espiritual brindan una verdadera permanencia, mientras que diversas interpretaciones permiten una expresi\u00f3n \u00fanica de sentimiento y BLOQUEAN TU AMOR PARA SIEMPRE.","og_url":"https:\/\/renemouris.fr\/es\/producto\/spirtual-love-wr-000302rm2\/","og_site_name":"Rene Mouris","article_publisher":"https:\/\/www.facebook.com\/renemouris.official","article_modified_time":"2025-08-07T08:24:17+00:00","og_image":[{"width":2000,"height":2000,"url":"https:\/\/renemouris.fr\/wp-content\/uploads\/2025\/04\/000302RM2.jpg","type":"image\/jpeg"}],"twitter_card":"summary_large_image","twitter_site":"@renemouris","twitter_misc":{"Tiempo de lectura":"1 minuto"},"schema":{"@context":"https:\/\/schema.org","@graph":[{"@type":"WebPage","@id":"https:\/\/renemouris.fr\/es\/producto\/spirtual-love-wr-000302rm2\/","url":"https:\/\/renemouris.fr\/es\/producto\/spirtual-love-wr-000302rm2\/","name":"AMOR ESPIRITUAL - Rene Mouris","isPartOf":{"@id":"https:\/\/renemouris.fr\/#website"},"primaryImageOfPage":{"@id":"https:\/\/renemouris.fr\/es\/producto\/spirtual-love-wr-000302rm2\/#primaryimage"},"image":{"@id":"https:\/\/renemouris.fr\/es\/producto\/spirtual-love-wr-000302rm2\/#primaryimage"},"thumbnailUrl":"https:\/\/renemouris.fr\/wp-content\/uploads\/2025\/04\/000302RM2.jpg","datePublished":"2025-04-29T07:52:23+00:00","dateModified":"2025-08-07T08:24:17+00:00","breadcrumb":{"@id":"https:\/\/renemouris.fr\/es\/producto\/spirtual-love-wr-000302rm2\/#breadcrumb"},"inLanguage":"es","potentialAction":[{"@type":"ReadAction","target":["https:\/\/renemouris.fr\/es\/producto\/spirtual-love-wr-000302rm2\/"]}]},{"@type":"ImageObject","inLanguage":"es","@id":"https:\/\/renemouris.fr\/es\/producto\/spirtual-love-wr-000302rm2\/#primaryimage","url":"https:\/\/renemouris.fr\/wp-content\/uploads\/2025\/04\/000302RM2.jpg","contentUrl":"https:\/\/renemouris.fr\/wp-content\/uploads\/2025\/04\/000302RM2.jpg","width":2000,"height":2000},{"@type":"BreadcrumbList","@id":"https:\/\/renemouris.fr\/es\/producto\/spirtual-love-wr-000302rm2\/#breadcrumb","itemListElement":[{"@type":"ListItem","position":1,"name":"Home","item":"https:\/\/renemouris.fr\/"},{"@type":"ListItem","position":2,"name":"Tienda","item":"https:\/\/renemouris.fr\/es\/tienda\/"},{"@type":"ListItem","position":3,"name":"AMOR ESPIRITUAL"}]},{"@type":"WebSite","@id":"https:\/\/renemouris.fr\/#website","url":"https:\/\/renemouris.fr\/","name":"Luxuy Watches for Men | Renemouris Watches","description":"","publisher":{"@id":"https:\/\/renemouris.fr\/#organization"},"alternateName":"Renemouris Watches","potentialAction":[{"@type":"SearchAction","target":{"@type":"EntryPoint","urlTemplate":"https:\/\/renemouris.fr\/?s={search_term_string}"},"query-input":{"@type":"PropertyValueSpecification","valueRequired":true,"valueName":"search_term_string"}}],"inLanguage":"es"},{"@type":"Organization","@id":"https:\/\/renemouris.fr\/#organization","name":"RENE MOURIS","url":"https:\/\/renemouris.fr\/","logo":{"@type":"ImageObject","inLanguage":"es","@id":"https:\/\/renemouris.fr\/#\/schema\/logo\/image\/","url":null,"contentUrl":null,"width":null,"height":null,"caption":"RENE MOURIS"},"image":{"@id":"https:\/\/renemouris.fr\/#\/schema\/logo\/image\/"},"sameAs":["https:\/\/www.facebook.com\/renemouris.official","https:\/\/x.com\/renemouris","https:\/\/www.instagram.com\/renemourisofficial","https:\/\/www.pinterest.fr\/renemouris\/","https:\/\/www.youtube.com\/user\/renemouris"]}]}},"_links":{"self":[{"href":"https:\/\/renemouris.fr\/es\/wp-json\/wp\/v2\/product\/114163","targetHints":{"allow":["GET"]}}],"collection":[{"href":"https:\/\/renemouris.fr\/es\/wp-json\/wp\/v2\/product"}],"about":[{"href":"https:\/\/renemouris.fr\/es\/wp-json\/wp\/v2\/types\/product"}],"replies":[{"embeddable":true,"href":"https:\/\/renemouris.fr\/es\/wp-json\/wp\/v2\/comments?post=114163"}],"wp:featuredmedia":[{"embeddable":true,"href":"https:\/\/renemouris.fr\/es\/wp-json\/wp\/v2\/media\/113494"}],"wp:attachment":[{"href":"https:\/\/renemouris.fr\/es\/wp-json\/wp\/v2\/media?parent=114163"}],"wp:term":[{"taxonomy":"product_cat","embeddable":true,"href":"https:\/\/renemouris.fr\/es\/wp-json\/wp\/v2\/product_cat?post=114163"},{"taxonomy":"product_tag","embeddable":true,"href":"https:\/\/renemouris.fr\/es\/wp-json\/wp\/v2\/product_tag?post=114163"}],"curies":[{"name":"wp","href":"https:\/\/api.w.org\/{rel}","templated":true}]}}