{"id":114242,"date":"2025-04-29T07:43:19","date_gmt":"2025-04-29T07:43:19","guid":{"rendered":"http:\/\/localhost\/rene-live\/product\/coeur-damour-9\/"},"modified":"2025-07-28T05:15:30","modified_gmt":"2025-07-28T05:15:30","slug":"coeur-damour-9","status":"publish","type":"product","link":"https:\/\/renemouris.fr\/es\/producto\/coeur-damour-9\/","title":{"rendered":"Coraz\u00f3n de amor"},"content":{"rendered":"<p>Coeur d\u2019Amour de Ren\u00e9 Mouris se inspira en el amor y la pasi\u00f3n. Este elegante y encantador reloj luce una esfera de n\u00e1car rosa, blanco o negro decorada con un motivo de corazones. En algunos modelos, se pueden encontrar cristales de primera calidad que bordean el coraz\u00f3n y tambi\u00e9n rodean el bisel. <\/p>\n","protected":false},"excerpt":{"rendered":"<p>\u00a1Nada puede apagar la luz que brilla en tu interior! \u00a1Un reloj que realmente expresa tu esencia! <\/p>\n<p><a href=\"https:\/\/www.youtube.com\/watch?v=9-TXb4cKmfc\">https:\/\/www.youtube.com\/watch?v=9-TXb4cKmfc<\/a><\/p>\n","protected":false},"featured_media":120152,"comment_status":"open","ping_status":"closed","template":"","meta":[],"product_cat":[890,884,908],"product_tag":[1576],"class_list":{"0":"post-114242","1":"product","2":"type-product","3":"status-publish","4":"has-post-thumbnail","6":"product_cat-corazon-de-amor","7":"product_cat-de-las-mujeres","8":"product_cat-oferta-especial","9":"product_tag-coeur-damour-es","11":"first","12":"instock","13":"shipping-taxable","14":"purchasable","15":"product-type-simple"},"yoast_head":"<!-- This site is optimized with the Yoast SEO plugin v27.3 - https:\/\/yoast.com\/product\/yoast-seo-wordpress\/ -->\n<title>Coraz\u00f3n de amor - Rene Mouris<\/title>\n<meta name=\"robots\" content=\"index, follow, max-snippet:-1, max-image-preview:large, max-video-preview:-1\" \/>\n<link rel=\"canonical\" href=\"https:\/\/renemouris.fr\/es\/producto\/coeur-damour-9\/\" \/>\n<meta property=\"og:locale\" content=\"es_ES\" \/>\n<meta property=\"og:type\" content=\"article\" \/>\n<meta property=\"og:title\" content=\"Coraz\u00f3n de amor - Rene Mouris\" \/>\n<meta property=\"og:description\" content=\"\u00a1Nada puede apagar la luz que brilla en tu interior! \u00a1Un reloj que realmente expresa tu esencia!  https:\/\/www.youtube.com\/watch?v=9-TXb4cKmfc\" \/>\n<meta property=\"og:url\" content=\"https:\/\/renemouris.fr\/es\/producto\/coeur-damour-9\/\" \/>\n<meta property=\"og:site_name\" content=\"Rene Mouris\" \/>\n<meta property=\"article:publisher\" content=\"https:\/\/www.facebook.com\/renemouris.official\" \/>\n<meta property=\"article:modified_time\" content=\"2025-07-28T05:15:30+00:00\" \/>\n<meta property=\"og:image\" content=\"https:\/\/renemouris.fr\/wp-content\/uploads\/2025\/04\/RM3-front-2.jpg\" \/>\n\t<meta property=\"og:image:width\" content=\"1080\" \/>\n\t<meta property=\"og:image:height\" content=\"1080\" \/>\n\t<meta property=\"og:image:type\" content=\"image\/jpeg\" \/>\n<meta name=\"twitter:card\" content=\"summary_large_image\" \/>\n<meta name=\"twitter:site\" content=\"@renemouris\" \/>\n<meta name=\"twitter:label1\" content=\"Tiempo de lectura\" \/>\n\t<meta name=\"twitter:data1\" content=\"1 minuto\" \/>\n<script type=\"application\/ld+json\" class=\"yoast-schema-graph\">{\"@context\":\"https:\\\/\\\/schema.org\",\"@graph\":[{\"@type\":\"WebPage\",\"@id\":\"https:\\\/\\\/renemouris.fr\\\/es\\\/producto\\\/coeur-damour-9\\\/\",\"url\":\"https:\\\/\\\/renemouris.fr\\\/es\\\/producto\\\/coeur-damour-9\\\/\",\"name\":\"Coraz\u00f3n de amor - Rene Mouris\",\"isPartOf\":{\"@id\":\"https:\\\/\\\/renemouris.fr\\\/#website\"},\"primaryImageOfPage\":{\"@id\":\"https:\\\/\\\/renemouris.fr\\\/es\\\/producto\\\/coeur-damour-9\\\/#primaryimage\"},\"image\":{\"@id\":\"https:\\\/\\\/renemouris.fr\\\/es\\\/producto\\\/coeur-damour-9\\\/#primaryimage\"},\"thumbnailUrl\":\"https:\\\/\\\/renemouris.fr\\\/wp-content\\\/uploads\\\/2025\\\/04\\\/RM3-front-2.jpg\",\"datePublished\":\"2025-04-29T07:43:19+00:00\",\"dateModified\":\"2025-07-28T05:15:30+00:00\",\"breadcrumb\":{\"@id\":\"https:\\\/\\\/renemouris.fr\\\/es\\\/producto\\\/coeur-damour-9\\\/#breadcrumb\"},\"inLanguage\":\"es\",\"potentialAction\":[{\"@type\":\"ReadAction\",\"target\":[\"https:\\\/\\\/renemouris.fr\\\/es\\\/producto\\\/coeur-damour-9\\\/\"]}]},{\"@type\":\"ImageObject\",\"inLanguage\":\"es\",\"@id\":\"https:\\\/\\\/renemouris.fr\\\/es\\\/producto\\\/coeur-damour-9\\\/#primaryimage\",\"url\":\"https:\\\/\\\/renemouris.fr\\\/wp-content\\\/uploads\\\/2025\\\/04\\\/RM3-front-2.jpg\",\"contentUrl\":\"https:\\\/\\\/renemouris.fr\\\/wp-content\\\/uploads\\\/2025\\\/04\\\/RM3-front-2.jpg\",\"width\":1080,\"height\":1080},{\"@type\":\"BreadcrumbList\",\"@id\":\"https:\\\/\\\/renemouris.fr\\\/es\\\/producto\\\/coeur-damour-9\\\/#breadcrumb\",\"itemListElement\":[{\"@type\":\"ListItem\",\"position\":1,\"name\":\"Home\",\"item\":\"https:\\\/\\\/renemouris.fr\\\/\"},{\"@type\":\"ListItem\",\"position\":2,\"name\":\"Tienda\",\"item\":\"https:\\\/\\\/renemouris.fr\\\/es\\\/tienda\\\/\"},{\"@type\":\"ListItem\",\"position\":3,\"name\":\"Coraz\u00f3n de amor\"}]},{\"@type\":\"WebSite\",\"@id\":\"https:\\\/\\\/renemouris.fr\\\/#website\",\"url\":\"https:\\\/\\\/renemouris.fr\\\/\",\"name\":\"Luxuy Watches for Men | Renemouris Watches\",\"description\":\"\",\"publisher\":{\"@id\":\"https:\\\/\\\/renemouris.fr\\\/#organization\"},\"alternateName\":\"Renemouris Watches\",\"potentialAction\":[{\"@type\":\"SearchAction\",\"target\":{\"@type\":\"EntryPoint\",\"urlTemplate\":\"https:\\\/\\\/renemouris.fr\\\/?s={search_term_string}\"},\"query-input\":{\"@type\":\"PropertyValueSpecification\",\"valueRequired\":true,\"valueName\":\"search_term_string\"}}],\"inLanguage\":\"es\"},{\"@type\":\"Organization\",\"@id\":\"https:\\\/\\\/renemouris.fr\\\/#organization\",\"name\":\"RENE MOURIS\",\"url\":\"https:\\\/\\\/renemouris.fr\\\/\",\"logo\":{\"@type\":\"ImageObject\",\"inLanguage\":\"es\",\"@id\":\"https:\\\/\\\/renemouris.fr\\\/#\\\/schema\\\/logo\\\/image\\\/\",\"url\":null,\"contentUrl\":null,\"width\":null,\"height\":null,\"caption\":\"RENE MOURIS\"},\"image\":{\"@id\":\"https:\\\/\\\/renemouris.fr\\\/#\\\/schema\\\/logo\\\/image\\\/\"},\"sameAs\":[\"https:\\\/\\\/www.facebook.com\\\/renemouris.official\",\"https:\\\/\\\/x.com\\\/renemouris\",\"https:\\\/\\\/www.instagram.com\\\/renemourisofficial\",\"https:\\\/\\\/www.pinterest.fr\\\/renemouris\\\/\",\"https:\\\/\\\/www.youtube.com\\\/user\\\/renemouris\"]}]}<\/script>\n<!-- \/ Yoast SEO plugin. -->","yoast_head_json":{"title":"Coraz\u00f3n de amor - Rene Mouris","robots":{"index":"index","follow":"follow","max-snippet":"max-snippet:-1","max-image-preview":"max-image-preview:large","max-video-preview":"max-video-preview:-1"},"canonical":"https:\/\/renemouris.fr\/es\/producto\/coeur-damour-9\/","og_locale":"es_ES","og_type":"article","og_title":"Coraz\u00f3n de amor - Rene Mouris","og_description":"\u00a1Nada puede apagar la luz que brilla en tu interior! \u00a1Un reloj que realmente expresa tu esencia!  https:\/\/www.youtube.com\/watch?v=9-TXb4cKmfc","og_url":"https:\/\/renemouris.fr\/es\/producto\/coeur-damour-9\/","og_site_name":"Rene Mouris","article_publisher":"https:\/\/www.facebook.com\/renemouris.official","article_modified_time":"2025-07-28T05:15:30+00:00","og_image":[{"width":1080,"height":1080,"url":"https:\/\/renemouris.fr\/wp-content\/uploads\/2025\/04\/RM3-front-2.jpg","type":"image\/jpeg"}],"twitter_card":"summary_large_image","twitter_site":"@renemouris","twitter_misc":{"Tiempo de lectura":"1 minuto"},"schema":{"@context":"https:\/\/schema.org","@graph":[{"@type":"WebPage","@id":"https:\/\/renemouris.fr\/es\/producto\/coeur-damour-9\/","url":"https:\/\/renemouris.fr\/es\/producto\/coeur-damour-9\/","name":"Coraz\u00f3n de amor - Rene Mouris","isPartOf":{"@id":"https:\/\/renemouris.fr\/#website"},"primaryImageOfPage":{"@id":"https:\/\/renemouris.fr\/es\/producto\/coeur-damour-9\/#primaryimage"},"image":{"@id":"https:\/\/renemouris.fr\/es\/producto\/coeur-damour-9\/#primaryimage"},"thumbnailUrl":"https:\/\/renemouris.fr\/wp-content\/uploads\/2025\/04\/RM3-front-2.jpg","datePublished":"2025-04-29T07:43:19+00:00","dateModified":"2025-07-28T05:15:30+00:00","breadcrumb":{"@id":"https:\/\/renemouris.fr\/es\/producto\/coeur-damour-9\/#breadcrumb"},"inLanguage":"es","potentialAction":[{"@type":"ReadAction","target":["https:\/\/renemouris.fr\/es\/producto\/coeur-damour-9\/"]}]},{"@type":"ImageObject","inLanguage":"es","@id":"https:\/\/renemouris.fr\/es\/producto\/coeur-damour-9\/#primaryimage","url":"https:\/\/renemouris.fr\/wp-content\/uploads\/2025\/04\/RM3-front-2.jpg","contentUrl":"https:\/\/renemouris.fr\/wp-content\/uploads\/2025\/04\/RM3-front-2.jpg","width":1080,"height":1080},{"@type":"BreadcrumbList","@id":"https:\/\/renemouris.fr\/es\/producto\/coeur-damour-9\/#breadcrumb","itemListElement":[{"@type":"ListItem","position":1,"name":"Home","item":"https:\/\/renemouris.fr\/"},{"@type":"ListItem","position":2,"name":"Tienda","item":"https:\/\/renemouris.fr\/es\/tienda\/"},{"@type":"ListItem","position":3,"name":"Coraz\u00f3n de amor"}]},{"@type":"WebSite","@id":"https:\/\/renemouris.fr\/#website","url":"https:\/\/renemouris.fr\/","name":"Luxuy Watches for Men | Renemouris Watches","description":"","publisher":{"@id":"https:\/\/renemouris.fr\/#organization"},"alternateName":"Renemouris Watches","potentialAction":[{"@type":"SearchAction","target":{"@type":"EntryPoint","urlTemplate":"https:\/\/renemouris.fr\/?s={search_term_string}"},"query-input":{"@type":"PropertyValueSpecification","valueRequired":true,"valueName":"search_term_string"}}],"inLanguage":"es"},{"@type":"Organization","@id":"https:\/\/renemouris.fr\/#organization","name":"RENE MOURIS","url":"https:\/\/renemouris.fr\/","logo":{"@type":"ImageObject","inLanguage":"es","@id":"https:\/\/renemouris.fr\/#\/schema\/logo\/image\/","url":null,"contentUrl":null,"width":null,"height":null,"caption":"RENE MOURIS"},"image":{"@id":"https:\/\/renemouris.fr\/#\/schema\/logo\/image\/"},"sameAs":["https:\/\/www.facebook.com\/renemouris.official","https:\/\/x.com\/renemouris","https:\/\/www.instagram.com\/renemourisofficial","https:\/\/www.pinterest.fr\/renemouris\/","https:\/\/www.youtube.com\/user\/renemouris"]}]}},"_links":{"self":[{"href":"https:\/\/renemouris.fr\/es\/wp-json\/wp\/v2\/product\/114242","targetHints":{"allow":["GET"]}}],"collection":[{"href":"https:\/\/renemouris.fr\/es\/wp-json\/wp\/v2\/product"}],"about":[{"href":"https:\/\/renemouris.fr\/es\/wp-json\/wp\/v2\/types\/product"}],"replies":[{"embeddable":true,"href":"https:\/\/renemouris.fr\/es\/wp-json\/wp\/v2\/comments?post=114242"}],"wp:featuredmedia":[{"embeddable":true,"href":"https:\/\/renemouris.fr\/es\/wp-json\/wp\/v2\/media\/120152"}],"wp:attachment":[{"href":"https:\/\/renemouris.fr\/es\/wp-json\/wp\/v2\/media?parent=114242"}],"wp:term":[{"taxonomy":"product_cat","embeddable":true,"href":"https:\/\/renemouris.fr\/es\/wp-json\/wp\/v2\/product_cat?post=114242"},{"taxonomy":"product_tag","embeddable":true,"href":"https:\/\/renemouris.fr\/es\/wp-json\/wp\/v2\/product_tag?post=114242"}],"curies":[{"name":"wp","href":"https:\/\/api.w.org\/{rel}","templated":true}]}}