{"id":114507,"date":"2025-04-29T07:17:50","date_gmt":"2025-04-29T07:17:50","guid":{"rendered":"http:\/\/localhost\/rene-live\/product\/trofeo-7\/"},"modified":"2025-06-16T13:31:59","modified_gmt":"2025-06-16T13:31:59","slug":"trofeo-7","status":"publish","type":"product","link":"https:\/\/renemouris.fr\/es\/producto\/trofeo-7\/","title":{"rendered":"Trofeo"},"content":{"rendered":"<p>Trofeo-90120rm3<\/p>\n<p><span style=\"background-color: var(--body-bg-color); color: var(--body-color); font-family: var(--body-font-family),sans-serif; font-size: 1.125rem; font-weight: var(--body-font-weight,400);\">vamos<\/span><strong><a title=\"compre relojes de lujo en l\u00ednea\" href=\"https:\/\/oldrm.bitzstudio.com\/\" target=\"_blank\" rel=\"noopener\"> comprar relojes de lujo online<\/a><\/strong><span style=\"background-color: var(--body-bg-color); color: var(--body-color); font-family: var(--body-font-family),sans-serif; font-size: 1.125rem; font-weight: var(--body-font-weight,400);\"> en <a title=\"compre relojes de lujo en l\u00ednea\" href=\"https:\/\/www.facebook.com\/renemouris.official\/\" target=\"_blank\" rel=\"noopener\"><strong>Ren\u00e9 Mouris Francia.<\/strong><\/a> El Cron\u00f3grafo Trofeo fue dise\u00f1ado para la velocidad. Su esfera, inspirada en el salpicadero de un coche, le da un toque deportivo a este reloj funcional, dise\u00f1ado para el hombre exigente. La caja redonda, con bisel moleteado y brazalete de acero inoxidable a juego, es perfecta para el d\u00eda a d\u00eda.   <\/span><\/p>\n<div id=\"product.info.description\" class=\"data item content\" role=\"tabpanel\" data-role=\"content\" aria-labelledby=\"tab-label-product.info.description\" aria-hidden=\"false\">\n<div class=\"product attribute description\">\n<div class=\"value\">\n<div id=\"product.info.description\" class=\"data item content\" role=\"tabpanel\" data-role=\"content\" aria-labelledby=\"tab-label-product.info.description\" aria-hidden=\"false\">\n<div class=\"product attribute description\">\n<div class=\"value\">\n<div id=\"additional\" class=\"data item content\" role=\"tabpanel\" data-role=\"content\" aria-labelledby=\"tab-label-additional\" aria-hidden=\"true\">\n<div class=\"title-inf\">\n<div id=\"product.info.description\" class=\"data item content\" role=\"tabpanel\" data-role=\"content\" aria-labelledby=\"tab-label-product.info.description\" aria-hidden=\"false\">\n<div class=\"product attribute description\">\n<div class=\"value\"><span style=\"background-color: var(--body-bg-color); color: var(--body-color); font-family: var(--body-font-family),sans-serif; font-size: 1.125rem; font-weight: var(--body-font-weight,400);\">La variedad tambi\u00e9n es una gran ventaja. Desde dise\u00f1os elegantes y sencillos hasta piezas m\u00e1s elaboradas y llamativas, compra relojes de lujo online para todos los gustos y ocasiones. Adem\u00e1s, estos relojes est\u00e1n dise\u00f1ados para durar, as\u00ed que no solo compras algo para hoy, sino que inviertes en un reloj que te encantar\u00e1 durante a\u00f1os.  <\/span><\/div>\n<\/div>\n<\/div>\n<\/div>\n<\/div>\n<p>La variedad disponible es realmente notable. Para quienes aman la simplicidad, los relojes de lujo ofrecen dise\u00f1os minimalistas que irradian sofisticaci\u00f3n sin ser demasiado sofisticados. Pero si eres de los que disfrutan de un toque de estilo, hay muchas piezas intrincadas y llamativas que pueden transformar un atuendo por completo.  <\/p>\n<p><span id=\"input-sentence~0\">La variedad disponible es realmente sorprendente. <\/span><\/p>\n<p><span id=\"input-sentence~0\">Hay muchos conjuntos intrincados y atrevidos que pueden transformar un atuendo por completo.<\/span><span id=\"input-sentence~1\"> La durabilidad del acero inoxidable es realmente asombrosa. Hay opciones para cada necesidad. Ya sea que prefieras un rostro tradicional y redondo o algo m\u00e1s sofisticado, encontrar\u00e1s muchas opciones que se adaptan a tu estilo \u00fanico.  <\/span><\/p>\n<p>Y estos relojes no ten\u00edan nada que ver con los de hoy.<span id=\"input-sentence~2\"> La atenci\u00f3n al detalle y los materiales de alta calidad garantizan que estos productos est\u00e9n hechos para durar. No solo compras un reloj, sino un estilo propio. <\/span><\/p>\n<p>&nbsp;<\/p>\n<p>&nbsp;<\/p>\n<p>&nbsp;<\/p>\n<p>&nbsp;<\/p>\n<p>&nbsp;<\/p>\n<p>&nbsp;<\/p>\n<p>&nbsp;<\/p>\n<p>&nbsp;<\/p>\n<\/div>\n<\/div>\n<\/div>\n<div id=\"additional\" class=\"data item content\" role=\"tabpanel\" data-role=\"content\" aria-labelledby=\"tab-label-additional\" aria-hidden=\"true\">\n<div class=\"title-inf\"><\/div>\n<\/div>\n<\/div>\n<\/div>\n<\/div>\n<div id=\"additional\" class=\"data item content\" role=\"tabpanel\" data-role=\"content\" aria-labelledby=\"tab-label-additional\" aria-hidden=\"true\">\n<div class=\"title-inf\"><\/div>\n<\/div>\n","protected":false},"excerpt":{"rendered":"<div class=\"product attribute overview\">\n<div class=\"value\">\n<p>El Trofeo 90120RM3 es un cron\u00f3grafo de cuarzo con una esfera inspirada en un salpicadero, dise\u00f1ado para el hombre exigente. <a title=\"compre relojes de lujo en l\u00ednea\" href=\"https:\/\/oldrm.bitzstudio.com\/\" target=\"_blank\" rel=\"noopener\">s<strong>relojes de lujo hop<\/strong><\/a> en <a title=\"compre relojes de lujo en l\u00ednea\" href=\"https:\/\/www.facebook.com\/renemouris.official\/\" target=\"_blank\" rel=\"noopener\"><strong>Ren\u00e9 Mouris Francia<\/strong><\/a>. Comprar relojes de lujo en l\u00ednea con Rene Mouris abre muchas m\u00e1s puertas convenientes m\u00e1s all\u00e1 de la conveniencia.  <\/p>\n<p><span style=\"background-color: var(--body-bg-color); color: var(--body-color); font-family: var(--body-font-family),sans-serif; font-size: 1.125rem; font-weight: var(--body-font-weight,400);\">La variedad tambi\u00e9n es una gran ventaja. Desde dise\u00f1os elegantes y sencillos hasta piezas m\u00e1s elaboradas y llamativas, compra relojes de lujo online para todos los gustos y ocasiones. Adem\u00e1s, estos relojes est\u00e1n dise\u00f1ados para durar, as\u00ed que no solo compras algo para hoy, sino que inviertes en un reloj que te encantar\u00e1 durante a\u00f1os.  <\/span><\/p>\n<\/div>\n<\/div>\n","protected":false},"featured_media":119547,"comment_status":"open","ping_status":"closed","template":"","meta":[],"product_cat":[815,842,875],"product_tag":[2073,2079],"class_list":{"0":"post-114507","1":"product","2":"type-product","3":"status-publish","4":"has-post-thumbnail","6":"product_cat-cronografo-de-cuarzo","7":"product_cat-de-los-hombres","8":"product_cat-trofeo","9":"product_tag-trofeo-es","10":"product_tag-trofeo-90120rm3-es","12":"first","13":"instock","14":"shipping-taxable","15":"purchasable","16":"product-type-simple"},"yoast_head":"<!-- This site is optimized with the Yoast SEO plugin v27.3 - https:\/\/yoast.com\/product\/yoast-seo-wordpress\/ -->\n<title>Trofeo - Rene Mouris<\/title>\n<meta name=\"robots\" content=\"index, follow, max-snippet:-1, max-image-preview:large, max-video-preview:-1\" \/>\n<link rel=\"canonical\" href=\"https:\/\/renemouris.fr\/es\/producto\/trofeo-7\/\" \/>\n<meta property=\"og:locale\" content=\"es_ES\" \/>\n<meta property=\"og:type\" content=\"article\" \/>\n<meta property=\"og:title\" content=\"Trofeo - Rene Mouris\" \/>\n<meta property=\"og:description\" content=\"El Trofeo 90120RM3 es un cron\u00f3grafo de cuarzo con una esfera inspirada en un salpicadero, dise\u00f1ado para el hombre exigente. srelojes de lujo hop en Ren\u00e9 Mouris Francia. Comprar relojes de lujo en l\u00ednea con Rene Mouris abre muchas m\u00e1s puertas convenientes m\u00e1s all\u00e1 de la conveniencia.  La variedad tambi\u00e9n es una gran ventaja. Desde dise\u00f1os elegantes y sencillos hasta piezas m\u00e1s elaboradas y llamativas, compra relojes de lujo online para todos los gustos y ocasiones. Adem\u00e1s, estos relojes est\u00e1n dise\u00f1ados para durar, as\u00ed que no solo compras algo para hoy, sino que inviertes en un reloj que te encantar\u00e1 durante a\u00f1os.\" \/>\n<meta property=\"og:url\" content=\"https:\/\/renemouris.fr\/es\/producto\/trofeo-7\/\" \/>\n<meta property=\"og:site_name\" content=\"Rene Mouris\" \/>\n<meta property=\"article:publisher\" content=\"https:\/\/www.facebook.com\/renemouris.official\" \/>\n<meta property=\"article:modified_time\" content=\"2025-06-16T13:31:59+00:00\" \/>\n<meta property=\"og:image\" content=\"https:\/\/renemouris.fr\/wp-content\/uploads\/2025\/04\/RM3-2-19.jpg\" \/>\n\t<meta property=\"og:image:width\" content=\"1080\" \/>\n\t<meta property=\"og:image:height\" content=\"1080\" \/>\n\t<meta property=\"og:image:type\" content=\"image\/jpeg\" \/>\n<meta name=\"twitter:card\" content=\"summary_large_image\" \/>\n<meta name=\"twitter:site\" content=\"@renemouris\" \/>\n<meta name=\"twitter:label1\" content=\"Tiempo de lectura\" \/>\n\t<meta name=\"twitter:data1\" content=\"2 minutos\" \/>\n<script type=\"application\/ld+json\" class=\"yoast-schema-graph\">{\"@context\":\"https:\\\/\\\/schema.org\",\"@graph\":[{\"@type\":\"WebPage\",\"@id\":\"https:\\\/\\\/renemouris.fr\\\/es\\\/producto\\\/trofeo-7\\\/\",\"url\":\"https:\\\/\\\/renemouris.fr\\\/es\\\/producto\\\/trofeo-7\\\/\",\"name\":\"Trofeo - Rene Mouris\",\"isPartOf\":{\"@id\":\"https:\\\/\\\/renemouris.fr\\\/#website\"},\"primaryImageOfPage\":{\"@id\":\"https:\\\/\\\/renemouris.fr\\\/es\\\/producto\\\/trofeo-7\\\/#primaryimage\"},\"image\":{\"@id\":\"https:\\\/\\\/renemouris.fr\\\/es\\\/producto\\\/trofeo-7\\\/#primaryimage\"},\"thumbnailUrl\":\"https:\\\/\\\/renemouris.fr\\\/wp-content\\\/uploads\\\/2025\\\/04\\\/RM3-2-19.jpg\",\"datePublished\":\"2025-04-29T07:17:50+00:00\",\"dateModified\":\"2025-06-16T13:31:59+00:00\",\"breadcrumb\":{\"@id\":\"https:\\\/\\\/renemouris.fr\\\/es\\\/producto\\\/trofeo-7\\\/#breadcrumb\"},\"inLanguage\":\"es\",\"potentialAction\":[{\"@type\":\"ReadAction\",\"target\":[\"https:\\\/\\\/renemouris.fr\\\/es\\\/producto\\\/trofeo-7\\\/\"]}]},{\"@type\":\"ImageObject\",\"inLanguage\":\"es\",\"@id\":\"https:\\\/\\\/renemouris.fr\\\/es\\\/producto\\\/trofeo-7\\\/#primaryimage\",\"url\":\"https:\\\/\\\/renemouris.fr\\\/wp-content\\\/uploads\\\/2025\\\/04\\\/RM3-2-19.jpg\",\"contentUrl\":\"https:\\\/\\\/renemouris.fr\\\/wp-content\\\/uploads\\\/2025\\\/04\\\/RM3-2-19.jpg\",\"width\":1080,\"height\":1080},{\"@type\":\"BreadcrumbList\",\"@id\":\"https:\\\/\\\/renemouris.fr\\\/es\\\/producto\\\/trofeo-7\\\/#breadcrumb\",\"itemListElement\":[{\"@type\":\"ListItem\",\"position\":1,\"name\":\"Home\",\"item\":\"https:\\\/\\\/renemouris.fr\\\/\"},{\"@type\":\"ListItem\",\"position\":2,\"name\":\"Tienda\",\"item\":\"https:\\\/\\\/renemouris.fr\\\/es\\\/tienda\\\/\"},{\"@type\":\"ListItem\",\"position\":3,\"name\":\"Trofeo\"}]},{\"@type\":\"WebSite\",\"@id\":\"https:\\\/\\\/renemouris.fr\\\/#website\",\"url\":\"https:\\\/\\\/renemouris.fr\\\/\",\"name\":\"Luxuy Watches for Men | Renemouris Watches\",\"description\":\"\",\"publisher\":{\"@id\":\"https:\\\/\\\/renemouris.fr\\\/#organization\"},\"alternateName\":\"Renemouris Watches\",\"potentialAction\":[{\"@type\":\"SearchAction\",\"target\":{\"@type\":\"EntryPoint\",\"urlTemplate\":\"https:\\\/\\\/renemouris.fr\\\/?s={search_term_string}\"},\"query-input\":{\"@type\":\"PropertyValueSpecification\",\"valueRequired\":true,\"valueName\":\"search_term_string\"}}],\"inLanguage\":\"es\"},{\"@type\":\"Organization\",\"@id\":\"https:\\\/\\\/renemouris.fr\\\/#organization\",\"name\":\"RENE MOURIS\",\"url\":\"https:\\\/\\\/renemouris.fr\\\/\",\"logo\":{\"@type\":\"ImageObject\",\"inLanguage\":\"es\",\"@id\":\"https:\\\/\\\/renemouris.fr\\\/#\\\/schema\\\/logo\\\/image\\\/\",\"url\":null,\"contentUrl\":null,\"width\":null,\"height\":null,\"caption\":\"RENE MOURIS\"},\"image\":{\"@id\":\"https:\\\/\\\/renemouris.fr\\\/#\\\/schema\\\/logo\\\/image\\\/\"},\"sameAs\":[\"https:\\\/\\\/www.facebook.com\\\/renemouris.official\",\"https:\\\/\\\/x.com\\\/renemouris\",\"https:\\\/\\\/www.instagram.com\\\/renemourisofficial\",\"https:\\\/\\\/www.pinterest.fr\\\/renemouris\\\/\",\"https:\\\/\\\/www.youtube.com\\\/user\\\/renemouris\"]}]}<\/script>\n<!-- \/ Yoast SEO plugin. -->","yoast_head_json":{"title":"Trofeo - Rene Mouris","robots":{"index":"index","follow":"follow","max-snippet":"max-snippet:-1","max-image-preview":"max-image-preview:large","max-video-preview":"max-video-preview:-1"},"canonical":"https:\/\/renemouris.fr\/es\/producto\/trofeo-7\/","og_locale":"es_ES","og_type":"article","og_title":"Trofeo - Rene Mouris","og_description":"El Trofeo 90120RM3 es un cron\u00f3grafo de cuarzo con una esfera inspirada en un salpicadero, dise\u00f1ado para el hombre exigente. srelojes de lujo hop en Ren\u00e9 Mouris Francia. Comprar relojes de lujo en l\u00ednea con Rene Mouris abre muchas m\u00e1s puertas convenientes m\u00e1s all\u00e1 de la conveniencia.  La variedad tambi\u00e9n es una gran ventaja. Desde dise\u00f1os elegantes y sencillos hasta piezas m\u00e1s elaboradas y llamativas, compra relojes de lujo online para todos los gustos y ocasiones. Adem\u00e1s, estos relojes est\u00e1n dise\u00f1ados para durar, as\u00ed que no solo compras algo para hoy, sino que inviertes en un reloj que te encantar\u00e1 durante a\u00f1os.","og_url":"https:\/\/renemouris.fr\/es\/producto\/trofeo-7\/","og_site_name":"Rene Mouris","article_publisher":"https:\/\/www.facebook.com\/renemouris.official","article_modified_time":"2025-06-16T13:31:59+00:00","og_image":[{"width":1080,"height":1080,"url":"https:\/\/renemouris.fr\/wp-content\/uploads\/2025\/04\/RM3-2-19.jpg","type":"image\/jpeg"}],"twitter_card":"summary_large_image","twitter_site":"@renemouris","twitter_misc":{"Tiempo de lectura":"2 minutos"},"schema":{"@context":"https:\/\/schema.org","@graph":[{"@type":"WebPage","@id":"https:\/\/renemouris.fr\/es\/producto\/trofeo-7\/","url":"https:\/\/renemouris.fr\/es\/producto\/trofeo-7\/","name":"Trofeo - Rene Mouris","isPartOf":{"@id":"https:\/\/renemouris.fr\/#website"},"primaryImageOfPage":{"@id":"https:\/\/renemouris.fr\/es\/producto\/trofeo-7\/#primaryimage"},"image":{"@id":"https:\/\/renemouris.fr\/es\/producto\/trofeo-7\/#primaryimage"},"thumbnailUrl":"https:\/\/renemouris.fr\/wp-content\/uploads\/2025\/04\/RM3-2-19.jpg","datePublished":"2025-04-29T07:17:50+00:00","dateModified":"2025-06-16T13:31:59+00:00","breadcrumb":{"@id":"https:\/\/renemouris.fr\/es\/producto\/trofeo-7\/#breadcrumb"},"inLanguage":"es","potentialAction":[{"@type":"ReadAction","target":["https:\/\/renemouris.fr\/es\/producto\/trofeo-7\/"]}]},{"@type":"ImageObject","inLanguage":"es","@id":"https:\/\/renemouris.fr\/es\/producto\/trofeo-7\/#primaryimage","url":"https:\/\/renemouris.fr\/wp-content\/uploads\/2025\/04\/RM3-2-19.jpg","contentUrl":"https:\/\/renemouris.fr\/wp-content\/uploads\/2025\/04\/RM3-2-19.jpg","width":1080,"height":1080},{"@type":"BreadcrumbList","@id":"https:\/\/renemouris.fr\/es\/producto\/trofeo-7\/#breadcrumb","itemListElement":[{"@type":"ListItem","position":1,"name":"Home","item":"https:\/\/renemouris.fr\/"},{"@type":"ListItem","position":2,"name":"Tienda","item":"https:\/\/renemouris.fr\/es\/tienda\/"},{"@type":"ListItem","position":3,"name":"Trofeo"}]},{"@type":"WebSite","@id":"https:\/\/renemouris.fr\/#website","url":"https:\/\/renemouris.fr\/","name":"Luxuy Watches for Men | Renemouris Watches","description":"","publisher":{"@id":"https:\/\/renemouris.fr\/#organization"},"alternateName":"Renemouris Watches","potentialAction":[{"@type":"SearchAction","target":{"@type":"EntryPoint","urlTemplate":"https:\/\/renemouris.fr\/?s={search_term_string}"},"query-input":{"@type":"PropertyValueSpecification","valueRequired":true,"valueName":"search_term_string"}}],"inLanguage":"es"},{"@type":"Organization","@id":"https:\/\/renemouris.fr\/#organization","name":"RENE MOURIS","url":"https:\/\/renemouris.fr\/","logo":{"@type":"ImageObject","inLanguage":"es","@id":"https:\/\/renemouris.fr\/#\/schema\/logo\/image\/","url":null,"contentUrl":null,"width":null,"height":null,"caption":"RENE MOURIS"},"image":{"@id":"https:\/\/renemouris.fr\/#\/schema\/logo\/image\/"},"sameAs":["https:\/\/www.facebook.com\/renemouris.official","https:\/\/x.com\/renemouris","https:\/\/www.instagram.com\/renemourisofficial","https:\/\/www.pinterest.fr\/renemouris\/","https:\/\/www.youtube.com\/user\/renemouris"]}]}},"_links":{"self":[{"href":"https:\/\/renemouris.fr\/es\/wp-json\/wp\/v2\/product\/114507","targetHints":{"allow":["GET"]}}],"collection":[{"href":"https:\/\/renemouris.fr\/es\/wp-json\/wp\/v2\/product"}],"about":[{"href":"https:\/\/renemouris.fr\/es\/wp-json\/wp\/v2\/types\/product"}],"replies":[{"embeddable":true,"href":"https:\/\/renemouris.fr\/es\/wp-json\/wp\/v2\/comments?post=114507"}],"wp:featuredmedia":[{"embeddable":true,"href":"https:\/\/renemouris.fr\/es\/wp-json\/wp\/v2\/media\/119547"}],"wp:attachment":[{"href":"https:\/\/renemouris.fr\/es\/wp-json\/wp\/v2\/media?parent=114507"}],"wp:term":[{"taxonomy":"product_cat","embeddable":true,"href":"https:\/\/renemouris.fr\/es\/wp-json\/wp\/v2\/product_cat?post=114507"},{"taxonomy":"product_tag","embeddable":true,"href":"https:\/\/renemouris.fr\/es\/wp-json\/wp\/v2\/product_tag?post=114507"}],"curies":[{"name":"wp","href":"https:\/\/api.w.org\/{rel}","templated":true}]}}