{"id":114674,"date":"2025-04-29T07:10:22","date_gmt":"2025-04-29T07:10:22","guid":{"rendered":"http:\/\/localhost\/rene-live\/product\/ambassador-4\/"},"modified":"2025-07-24T11:50:13","modified_gmt":"2025-07-24T11:50:13","slug":"ambassador-4","status":"publish","type":"product","link":"https:\/\/renemouris.fr\/es\/producto\/ambassador-4\/","title":{"rendered":"Embajador"},"content":{"rendered":"<p>Se requiere cierta confianza para nombrar un reloj como Embajador, lo cual refleja la nobleza. Ren\u00e9 Mouris decidi\u00f3 hacer todo lo posible por capturar el esp\u00edritu del Embajador, quien representa sus intereses ante diversas personas, percibe cada pasi\u00f3n e integra ideas en su dise\u00f1o. La nobleza francesa es una cualidad noble con derechos y prerrogativas legales y financieras espec\u00edficas.  <\/p>\n","protected":false},"excerpt":{"rendered":"<div class=\"product attribute overview\">\n<div class=\"value\">\n<p><span style=\"font-weight: 400;\">Dale un toque de brillo a tu mu\u00f1eca, equilibrando la opulencia de la esfera con una cl\u00e1sica correa de cuero genuino. \u00a1Ll\u00e9valo para ser el centro de atenci\u00f3n! <\/span><\/p>\n<\/div>\n<\/div>\n","protected":false},"featured_media":115052,"comment_status":"open","ping_status":"closed","template":"","meta":[],"product_cat":[812,884,842,887,845,908],"product_tag":[2405,2434],"class_list":{"0":"post-114674","1":"product","2":"type-product","3":"status-publish","4":"has-post-thumbnail","6":"product_cat-cuarzo","7":"product_cat-de-las-mujeres","8":"product_cat-de-los-hombres","9":"product_cat-embajadora-es","10":"product_cat-embajadora","11":"product_cat-oferta-especial","12":"product_tag-ambassador-es","13":"product_tag-ambassador-80103rm4-es","15":"first","16":"instock","17":"shipping-taxable","18":"purchasable","19":"product-type-simple"},"yoast_head":"<!-- This site is optimized with the Yoast SEO plugin v27.3 - https:\/\/yoast.com\/product\/yoast-seo-wordpress\/ -->\n<title>Embajador - Rene Mouris<\/title>\n<meta name=\"robots\" content=\"index, follow, max-snippet:-1, max-image-preview:large, max-video-preview:-1\" \/>\n<link rel=\"canonical\" href=\"https:\/\/renemouris.fr\/es\/producto\/ambassador-4\/\" \/>\n<meta property=\"og:locale\" content=\"es_ES\" \/>\n<meta property=\"og:type\" content=\"article\" \/>\n<meta property=\"og:title\" content=\"Embajador - Rene Mouris\" \/>\n<meta property=\"og:description\" content=\"Dale un toque de brillo a tu mu\u00f1eca, equilibrando la opulencia de la esfera con una cl\u00e1sica correa de cuero genuino. \u00a1Ll\u00e9valo para ser el centro de atenci\u00f3n!\" \/>\n<meta property=\"og:url\" content=\"https:\/\/renemouris.fr\/es\/producto\/ambassador-4\/\" \/>\n<meta property=\"og:site_name\" content=\"Rene Mouris\" \/>\n<meta property=\"article:publisher\" content=\"https:\/\/www.facebook.com\/renemouris.official\" \/>\n<meta property=\"article:modified_time\" content=\"2025-07-24T11:50:13+00:00\" \/>\n<meta property=\"og:image\" content=\"https:\/\/renemouris.fr\/wp-content\/uploads\/2025\/04\/RM4-front.jpg\" \/>\n\t<meta property=\"og:image:width\" content=\"1080\" \/>\n\t<meta property=\"og:image:height\" content=\"1080\" \/>\n\t<meta property=\"og:image:type\" content=\"image\/jpeg\" \/>\n<meta name=\"twitter:card\" content=\"summary_large_image\" \/>\n<meta name=\"twitter:site\" content=\"@renemouris\" \/>\n<script type=\"application\/ld+json\" class=\"yoast-schema-graph\">{\"@context\":\"https:\\\/\\\/schema.org\",\"@graph\":[{\"@type\":\"WebPage\",\"@id\":\"https:\\\/\\\/renemouris.fr\\\/es\\\/producto\\\/ambassador-4\\\/\",\"url\":\"https:\\\/\\\/renemouris.fr\\\/es\\\/producto\\\/ambassador-4\\\/\",\"name\":\"Embajador - Rene Mouris\",\"isPartOf\":{\"@id\":\"https:\\\/\\\/renemouris.fr\\\/#website\"},\"primaryImageOfPage\":{\"@id\":\"https:\\\/\\\/renemouris.fr\\\/es\\\/producto\\\/ambassador-4\\\/#primaryimage\"},\"image\":{\"@id\":\"https:\\\/\\\/renemouris.fr\\\/es\\\/producto\\\/ambassador-4\\\/#primaryimage\"},\"thumbnailUrl\":\"https:\\\/\\\/renemouris.fr\\\/wp-content\\\/uploads\\\/2025\\\/04\\\/RM4-front.jpg\",\"datePublished\":\"2025-04-29T07:10:22+00:00\",\"dateModified\":\"2025-07-24T11:50:13+00:00\",\"breadcrumb\":{\"@id\":\"https:\\\/\\\/renemouris.fr\\\/es\\\/producto\\\/ambassador-4\\\/#breadcrumb\"},\"inLanguage\":\"es\",\"potentialAction\":[{\"@type\":\"ReadAction\",\"target\":[\"https:\\\/\\\/renemouris.fr\\\/es\\\/producto\\\/ambassador-4\\\/\"]}]},{\"@type\":\"ImageObject\",\"inLanguage\":\"es\",\"@id\":\"https:\\\/\\\/renemouris.fr\\\/es\\\/producto\\\/ambassador-4\\\/#primaryimage\",\"url\":\"https:\\\/\\\/renemouris.fr\\\/wp-content\\\/uploads\\\/2025\\\/04\\\/RM4-front.jpg\",\"contentUrl\":\"https:\\\/\\\/renemouris.fr\\\/wp-content\\\/uploads\\\/2025\\\/04\\\/RM4-front.jpg\",\"width\":1080,\"height\":1080},{\"@type\":\"BreadcrumbList\",\"@id\":\"https:\\\/\\\/renemouris.fr\\\/es\\\/producto\\\/ambassador-4\\\/#breadcrumb\",\"itemListElement\":[{\"@type\":\"ListItem\",\"position\":1,\"name\":\"Home\",\"item\":\"https:\\\/\\\/renemouris.fr\\\/\"},{\"@type\":\"ListItem\",\"position\":2,\"name\":\"Tienda\",\"item\":\"https:\\\/\\\/renemouris.fr\\\/es\\\/tienda\\\/\"},{\"@type\":\"ListItem\",\"position\":3,\"name\":\"Embajador\"}]},{\"@type\":\"WebSite\",\"@id\":\"https:\\\/\\\/renemouris.fr\\\/#website\",\"url\":\"https:\\\/\\\/renemouris.fr\\\/\",\"name\":\"Luxuy Watches for Men | Renemouris Watches\",\"description\":\"\",\"publisher\":{\"@id\":\"https:\\\/\\\/renemouris.fr\\\/#organization\"},\"alternateName\":\"Renemouris Watches\",\"potentialAction\":[{\"@type\":\"SearchAction\",\"target\":{\"@type\":\"EntryPoint\",\"urlTemplate\":\"https:\\\/\\\/renemouris.fr\\\/?s={search_term_string}\"},\"query-input\":{\"@type\":\"PropertyValueSpecification\",\"valueRequired\":true,\"valueName\":\"search_term_string\"}}],\"inLanguage\":\"es\"},{\"@type\":\"Organization\",\"@id\":\"https:\\\/\\\/renemouris.fr\\\/#organization\",\"name\":\"RENE MOURIS\",\"url\":\"https:\\\/\\\/renemouris.fr\\\/\",\"logo\":{\"@type\":\"ImageObject\",\"inLanguage\":\"es\",\"@id\":\"https:\\\/\\\/renemouris.fr\\\/#\\\/schema\\\/logo\\\/image\\\/\",\"url\":null,\"contentUrl\":null,\"width\":null,\"height\":null,\"caption\":\"RENE MOURIS\"},\"image\":{\"@id\":\"https:\\\/\\\/renemouris.fr\\\/#\\\/schema\\\/logo\\\/image\\\/\"},\"sameAs\":[\"https:\\\/\\\/www.facebook.com\\\/renemouris.official\",\"https:\\\/\\\/x.com\\\/renemouris\",\"https:\\\/\\\/www.instagram.com\\\/renemourisofficial\",\"https:\\\/\\\/www.pinterest.fr\\\/renemouris\\\/\",\"https:\\\/\\\/www.youtube.com\\\/user\\\/renemouris\"]}]}<\/script>\n<!-- \/ Yoast SEO plugin. -->","yoast_head_json":{"title":"Embajador - Rene Mouris","robots":{"index":"index","follow":"follow","max-snippet":"max-snippet:-1","max-image-preview":"max-image-preview:large","max-video-preview":"max-video-preview:-1"},"canonical":"https:\/\/renemouris.fr\/es\/producto\/ambassador-4\/","og_locale":"es_ES","og_type":"article","og_title":"Embajador - Rene Mouris","og_description":"Dale un toque de brillo a tu mu\u00f1eca, equilibrando la opulencia de la esfera con una cl\u00e1sica correa de cuero genuino. \u00a1Ll\u00e9valo para ser el centro de atenci\u00f3n!","og_url":"https:\/\/renemouris.fr\/es\/producto\/ambassador-4\/","og_site_name":"Rene Mouris","article_publisher":"https:\/\/www.facebook.com\/renemouris.official","article_modified_time":"2025-07-24T11:50:13+00:00","og_image":[{"width":1080,"height":1080,"url":"https:\/\/renemouris.fr\/wp-content\/uploads\/2025\/04\/RM4-front.jpg","type":"image\/jpeg"}],"twitter_card":"summary_large_image","twitter_site":"@renemouris","schema":{"@context":"https:\/\/schema.org","@graph":[{"@type":"WebPage","@id":"https:\/\/renemouris.fr\/es\/producto\/ambassador-4\/","url":"https:\/\/renemouris.fr\/es\/producto\/ambassador-4\/","name":"Embajador - Rene Mouris","isPartOf":{"@id":"https:\/\/renemouris.fr\/#website"},"primaryImageOfPage":{"@id":"https:\/\/renemouris.fr\/es\/producto\/ambassador-4\/#primaryimage"},"image":{"@id":"https:\/\/renemouris.fr\/es\/producto\/ambassador-4\/#primaryimage"},"thumbnailUrl":"https:\/\/renemouris.fr\/wp-content\/uploads\/2025\/04\/RM4-front.jpg","datePublished":"2025-04-29T07:10:22+00:00","dateModified":"2025-07-24T11:50:13+00:00","breadcrumb":{"@id":"https:\/\/renemouris.fr\/es\/producto\/ambassador-4\/#breadcrumb"},"inLanguage":"es","potentialAction":[{"@type":"ReadAction","target":["https:\/\/renemouris.fr\/es\/producto\/ambassador-4\/"]}]},{"@type":"ImageObject","inLanguage":"es","@id":"https:\/\/renemouris.fr\/es\/producto\/ambassador-4\/#primaryimage","url":"https:\/\/renemouris.fr\/wp-content\/uploads\/2025\/04\/RM4-front.jpg","contentUrl":"https:\/\/renemouris.fr\/wp-content\/uploads\/2025\/04\/RM4-front.jpg","width":1080,"height":1080},{"@type":"BreadcrumbList","@id":"https:\/\/renemouris.fr\/es\/producto\/ambassador-4\/#breadcrumb","itemListElement":[{"@type":"ListItem","position":1,"name":"Home","item":"https:\/\/renemouris.fr\/"},{"@type":"ListItem","position":2,"name":"Tienda","item":"https:\/\/renemouris.fr\/es\/tienda\/"},{"@type":"ListItem","position":3,"name":"Embajador"}]},{"@type":"WebSite","@id":"https:\/\/renemouris.fr\/#website","url":"https:\/\/renemouris.fr\/","name":"Luxuy Watches for Men | Renemouris Watches","description":"","publisher":{"@id":"https:\/\/renemouris.fr\/#organization"},"alternateName":"Renemouris Watches","potentialAction":[{"@type":"SearchAction","target":{"@type":"EntryPoint","urlTemplate":"https:\/\/renemouris.fr\/?s={search_term_string}"},"query-input":{"@type":"PropertyValueSpecification","valueRequired":true,"valueName":"search_term_string"}}],"inLanguage":"es"},{"@type":"Organization","@id":"https:\/\/renemouris.fr\/#organization","name":"RENE MOURIS","url":"https:\/\/renemouris.fr\/","logo":{"@type":"ImageObject","inLanguage":"es","@id":"https:\/\/renemouris.fr\/#\/schema\/logo\/image\/","url":null,"contentUrl":null,"width":null,"height":null,"caption":"RENE MOURIS"},"image":{"@id":"https:\/\/renemouris.fr\/#\/schema\/logo\/image\/"},"sameAs":["https:\/\/www.facebook.com\/renemouris.official","https:\/\/x.com\/renemouris","https:\/\/www.instagram.com\/renemourisofficial","https:\/\/www.pinterest.fr\/renemouris\/","https:\/\/www.youtube.com\/user\/renemouris"]}]}},"_links":{"self":[{"href":"https:\/\/renemouris.fr\/es\/wp-json\/wp\/v2\/product\/114674","targetHints":{"allow":["GET"]}}],"collection":[{"href":"https:\/\/renemouris.fr\/es\/wp-json\/wp\/v2\/product"}],"about":[{"href":"https:\/\/renemouris.fr\/es\/wp-json\/wp\/v2\/types\/product"}],"replies":[{"embeddable":true,"href":"https:\/\/renemouris.fr\/es\/wp-json\/wp\/v2\/comments?post=114674"}],"wp:featuredmedia":[{"embeddable":true,"href":"https:\/\/renemouris.fr\/es\/wp-json\/wp\/v2\/media\/115052"}],"wp:attachment":[{"href":"https:\/\/renemouris.fr\/es\/wp-json\/wp\/v2\/media?parent=114674"}],"wp:term":[{"taxonomy":"product_cat","embeddable":true,"href":"https:\/\/renemouris.fr\/es\/wp-json\/wp\/v2\/product_cat?post=114674"},{"taxonomy":"product_tag","embeddable":true,"href":"https:\/\/renemouris.fr\/es\/wp-json\/wp\/v2\/product_tag?post=114674"}],"curies":[{"name":"wp","href":"https:\/\/api.w.org\/{rel}","templated":true}]}}